{"id":863,"date":"2024-05-21T16:40:16","date_gmt":"2024-05-21T19:40:16","guid":{"rendered":"https:\/\/www.expresooronegro.com\/?page_id=863"},"modified":"2024-05-21T16:49:29","modified_gmt":"2024-05-21T19:49:29","slug":"politicas-de-la-compania","status":"publish","type":"page","link":"https:\/\/www.expresooronegro.com\/excelsior\/politicas-de-la-compania\/","title":{"rendered":"Pol\u00edticas de la compa\u00f1\u00eda"},"content":{"rendered":"\t\t<div data-elementor-type=\"wp-page\" data-elementor-id=\"863\" class=\"elementor elementor-863\" data-elementor-post-type=\"page\">\n\t\t\t\t\t\t<section class=\"elementor-section elementor-top-section elementor-element elementor-element-67e4789 elementor-reverse-mobile elementor-section-boxed elementor-section-height-default elementor-section-height-default\" data-id=\"67e4789\" data-element_type=\"section\" data-settings=\"{&quot;background_background&quot;:&quot;classic&quot;}\">\n\t\t\t\t\t\t<div class=\"elementor-container elementor-column-gap-no\">\n\t\t\t\t\t<div class=\"aux-parallax-section elementor-column elementor-col-50 elementor-top-column elementor-element elementor-element-e3d09c9 left-column\" data-id=\"e3d09c9\" data-element_type=\"column\">\n\t\t\t<div class=\"elementor-widget-wrap elementor-element-populated\">\n\t\t\t\t\t\t<section class=\"elementor-section elementor-inner-section elementor-element elementor-element-eb3e550 elementor-section-boxed elementor-section-height-default elementor-section-height-default\" data-id=\"eb3e550\" data-element_type=\"section\">\n\t\t\t\t\t\t<div class=\"elementor-container elementor-column-gap-no\">\n\t\t\t\t\t<div class=\"aux-parallax-section elementor-column elementor-col-100 elementor-inner-column elementor-element elementor-element-3f7cc22\" data-id=\"3f7cc22\" data-element_type=\"column\">\n\t\t\t<div class=\"elementor-widget-wrap elementor-element-populated\">\n\t\t\t\t\t\t<div class=\"elementor-element elementor-element-cf5dfe6 elementor-widget__width-auto elementor-widget-divider--view-line elementor-widget elementor-widget-divider\" data-id=\"cf5dfe6\" data-element_type=\"widget\" data-widget_type=\"divider.default\">\n\t\t\t\t<div class=\"elementor-widget-container\">\n\t\t\t\t\t<div class=\"elementor-divider\">\n\t\t\t<span class=\"elementor-divider-separator\">\n\t\t\t\t\t\t<\/span>\n\t\t<\/div>\n\t\t\t\t<\/div>\n\t\t\t\t<\/div>\n\t\t\t\t<div class=\"elementor-element elementor-element-7680ac4 elementor-widget__width-auto aux-appear-watch-animation aux-fade-in elementor-widget elementor-widget-heading\" data-id=\"7680ac4\" data-element_type=\"widget\" data-widget_type=\"heading.default\">\n\t\t\t\t<div class=\"elementor-widget-container\">\n\t\t\t<p class=\"elementor-heading-title elementor-size-default\">Oro Negro<\/p>\t\t<\/div>\n\t\t\t\t<\/div>\n\t\t\t\t\t<\/div>\n\t\t<\/div>\n\t\t\t\t\t<\/div>\n\t\t<\/section>\n\t\t\t\t<div class=\"elementor-element elementor-element-bf39e2f aux-appear-watch-animation aux-fade-in-up-1 elementor-widget elementor-widget-aux_modern_heading\" data-id=\"bf39e2f\" data-element_type=\"widget\" data-widget_type=\"aux_modern_heading.default\">\n\t\t\t\t<div class=\"elementor-widget-container\">\n\t\t\t<section class=\"aux-widget-modern-heading\">\n            <div class=\"aux-widget-inner\"><a href=\"https:\/\/www.expresooronegro.com\/excelsior\/portfolio\/branding-nice-studio\/\" class=\"aux-modern-heading-primary-link\"><h2 class=\"aux-modern-heading-primary\">Pol\u00edticas de la compa\u00f1ia<\/h2><\/a><div class=\"aux-modern-heading-description\"><p>Giampaoletti S.A. en su servicio de transporte de cargas generales define la siguiente<br \/>pol\u00edtica Integrada:<\/p><\/div><\/div>\n        <\/section>\t\t<\/div>\n\t\t\t\t<\/div>\n\t\t\t\t\t<\/div>\n\t\t<\/div>\n\t\t\t\t<div class=\"aux-parallax-section elementor-column elementor-col-50 elementor-top-column elementor-element elementor-element-da04164 right-column aux-appear-watch-animation aux-fade-in\" data-id=\"da04164\" data-element_type=\"column\" data-settings=\"{&quot;background_background&quot;:&quot;classic&quot;}\">\n\t\t\t<div class=\"elementor-widget-wrap elementor-element-populated\">\n\t\t\t\t\t\t<div class=\"elementor-element elementor-element-2be28e5 elementor-widget__width-auto icon-portfolio elementor-view-default elementor-widget elementor-widget-icon\" data-id=\"2be28e5\" data-element_type=\"widget\" data-widget_type=\"icon.default\">\n\t\t\t\t<div class=\"elementor-widget-container\">\n\t\t\t\t\t<div class=\"elementor-icon-wrapper\">\n\t\t\t<a class=\"elementor-icon\" href=\"\/demos\/freelancer\/portfolio\/branding-nice-studio\/\">\n\t\t\t<svg xmlns=\"http:\/\/www.w3.org\/2000\/svg\" width=\"725.221\" height=\"627.133\" viewBox=\"0 0 725.221 627.133\"><rect id=\"_0d30a061-2dae-4920-9275-da62c26ef3e5\" data-name=\"0d30a061-2dae-4920-9275-da62c26ef3e5\" width=\"650\" height=\"532\" rx=\"45\" transform=\"translate(0 101.682) rotate(-9)\" fill=\"#fff\" opacity=\"0.1\"><\/rect><\/svg>\t\t\t<\/a>\n\t\t<\/div>\n\t\t\t\t<\/div>\n\t\t\t\t<\/div>\n\t\t\t\t<div class=\"elementor-element elementor-element-aa3c1f3 aux-appear-watch-animation aux-rotate-in elementor-widget elementor-widget-aux_image\" data-id=\"aa3c1f3\" data-element_type=\"widget\" data-widget_type=\"aux_image.default\">\n\t\t\t\t<div class=\"elementor-widget-container\">\n\t\t\t<section class=\"widget-container aux-widget-image aux-alignnone aux-parent-au7e62c7a2\">\n    <div class=\"aux-media-hint-frame \">\n        <div class=\"aux-media-image aux-hover-active\" >\n                    <a class=\"\" href=\"https:\/\/www.expresooronegro.com\/excelsior\/portfolio\/branding-nice-studio\/\" data-elementor-open-lightbox=\"no\" data-original-width=\"1280\" data-original-height=\"960\" data-caption=\"10-razones-2\" target=\"_self\"  >\n        \n            \n\n            \n            <img decoding=\"async\" src=\"https:\/\/www.expresooronegro.com\/excelsior\/wp-content\/uploads\/2024\/04\/10-razones-2-1024x960.jpg\" alt=\"10-razones-2\" \/>            \n                    <\/a>\n                <\/div>\n    <\/div>\n\n<\/section><!-- widget-container -->\t\t<\/div>\n\t\t\t\t<\/div>\n\t\t\t\t\t<\/div>\n\t\t<\/div>\n\t\t\t\t\t<\/div>\n\t\t<\/section>\n\t\t\t\t<section class=\"elementor-section elementor-top-section elementor-element elementor-element-c606402 elementor-section-height-min-height elementor-section-boxed elementor-section-height-default elementor-section-items-middle\" data-id=\"c606402\" data-element_type=\"section\" data-settings=\"{&quot;background_background&quot;:&quot;gradient&quot;}\">\n\t\t\t\t\t\t<div class=\"elementor-container elementor-column-gap-no\">\n\t\t\t\t\t<div class=\"aux-parallax-section elementor-column elementor-col-100 elementor-top-column elementor-element elementor-element-d70bea4\" data-id=\"d70bea4\" data-element_type=\"column\">\n\t\t\t<div class=\"elementor-widget-wrap elementor-element-populated\">\n\t\t\t\t\t\t<div class=\"elementor-element elementor-element-dc8f39d elementor-widget elementor-widget-spacer\" data-id=\"dc8f39d\" data-element_type=\"widget\" data-widget_type=\"spacer.default\">\n\t\t\t\t<div class=\"elementor-widget-container\">\n\t\t\t\t\t<div class=\"elementor-spacer\">\n\t\t\t<div class=\"elementor-spacer-inner\"><\/div>\n\t\t<\/div>\n\t\t\t\t<\/div>\n\t\t\t\t<\/div>\n\t\t\t\t<div class=\"elementor-element elementor-element-451e0b7 elementor-widget elementor-widget-text-editor\" data-id=\"451e0b7\" data-element_type=\"widget\" data-widget_type=\"text-editor.default\">\n\t\t\t\t<div class=\"elementor-widget-container\">\n\t\t\t\t\t\t\t<ul>\n<li>\u21d2 Brindamos un servicio de excelencia en pos de la satisfacci\u00f3n de nuestros clientes.<\/li>\n<li>\u21d2 Contamos con una flota de camiones propios y con conductores altamente calificados a fin de alcanzar el m\u00e1ximo est\u00e1ndar del servicio ofrecido.<\/li>\n<li>\u21d2 Fomentamos el compromiso en los empleados y promovemos la motivaci\u00f3n.<br \/>\u21d2 Poseemos proveedores altamente calificados que son evaluados peri\u00f3dicamente para asegurarnos que nuestro servicio cumpla con los requisitos de nuestros<br \/>clientes.<\/li>\n<li>\u21d2 Efectuamos el seguimiento de nuestros objetivos gestionando el monitoreo de indicadores y tomando acciones para alcanzar los objetivos organizacionales en pos de la mejora continua.<\/li>\n<li>\u21d2 Nos comprometemos con las expectativas de nuestras partes interesadas y el cumplimiento de los requisitos legales establecidos por las leyes aplicables y otros requisitos que afectan al SGI.<\/li>\n<li>\u21d2 Aplicamos controles y brindamos la capacitaci\u00f3n necesaria para poder eliminar los peligros y reducir los riesgos de la Seguridad y Salud en el trabajo trabajando en conjunto con los trabajadores a trav\u00e9s de la consulta y participaci\u00f3n de los mismos.<\/li>\n<li>\u21d2 Proporcionamos condiciones de trabajo seguras y saludables para la prevenci\u00f3n de lesiones y deterioro de la salud relacionados con el trabajo.<\/li>\n<\/ul>\n<p>Esta pol\u00edtica es revisada para su adecuaci\u00f3n de forma anual por la Direcci\u00f3n de la organizaci\u00f3n. La misma se encuentra disponible en la Recepci\u00f3n de la empresa a disposici\u00f3n de las partes interesadas en formato f\u00edsico y en la p\u00e1gina web en formato<br \/>digital.<\/p>\n<p>Buenos Aires, mayo de 2024.<\/p>\t\t\t\t\t\t<\/div>\n\t\t\t\t<\/div>\n\t\t\t\t<section class=\"elementor-section elementor-inner-section elementor-element elementor-element-2cfcfe9 elementor-section-boxed elementor-section-height-default elementor-section-height-default\" data-id=\"2cfcfe9\" data-element_type=\"section\">\n\t\t\t\t\t\t<div class=\"elementor-container elementor-column-gap-default\">\n\t\t\t\t\t<div class=\"aux-parallax-section elementor-column elementor-col-100 elementor-inner-column elementor-element elementor-element-a1eee1d\" data-id=\"a1eee1d\" data-element_type=\"column\">\n\t\t\t<div class=\"elementor-widget-wrap elementor-element-populated\">\n\t\t\t\t\t\t<div class=\"elementor-element elementor-element-87e8370 elementor-widget elementor-widget-video\" data-id=\"87e8370\" data-element_type=\"widget\" data-settings=\"{&quot;youtube_url&quot;:&quot;https:\\\/\\\/youtu.be\\\/YntkhcSjvZo?si=WpTJut3THkajHkhg&quot;,&quot;video_type&quot;:&quot;youtube&quot;,&quot;controls&quot;:&quot;yes&quot;}\" data-widget_type=\"video.default\">\n\t\t\t\t<div class=\"elementor-widget-container\">\n\t\t\t\t\t<div class=\"elementor-wrapper elementor-open-inline\">\n\t\t\t<div class=\"elementor-video\"><\/div>\t\t<\/div>\n\t\t\t\t<\/div>\n\t\t\t\t<\/div>\n\t\t\t\t\t<\/div>\n\t\t<\/div>\n\t\t\t\t\t<\/div>\n\t\t<\/section>\n\t\t\t\t<div class=\"elementor-element elementor-element-5e025e8 elementor-widget elementor-widget-spacer\" data-id=\"5e025e8\" data-element_type=\"widget\" data-widget_type=\"spacer.default\">\n\t\t\t\t<div class=\"elementor-widget-container\">\n\t\t\t\t\t<div class=\"elementor-spacer\">\n\t\t\t<div class=\"elementor-spacer-inner\"><\/div>\n\t\t<\/div>\n\t\t\t\t<\/div>\n\t\t\t\t<\/div>\n\t\t\t\t<div class=\"elementor-element elementor-element-cd289e9 elementor-widget elementor-widget-spacer\" data-id=\"cd289e9\" data-element_type=\"widget\" data-widget_type=\"spacer.default\">\n\t\t\t\t<div class=\"elementor-widget-container\">\n\t\t\t\t\t<div class=\"elementor-spacer\">\n\t\t\t<div class=\"elementor-spacer-inner\"><\/div>\n\t\t<\/div>\n\t\t\t\t<\/div>\n\t\t\t\t<\/div>\n\t\t\t\t\t<\/div>\n\t\t<\/div>\n\t\t\t\t\t<\/div>\n\t\t<\/section>\n\t\t\t\t<\/div>\n\t\t","protected":false},"excerpt":{"rendered":"<p>Estamos en toda la Patagonia. Con un solo proveedor, cubre todas sus necesidades log\u00edsticas.<\/p>\n","protected":false},"author":1,"featured_media":0,"parent":0,"menu_order":0,"comment_status":"closed","ping_status":"closed","template":"templates\/page-builder-content.php","meta":{"footnotes":""},"class_list":["post-863","page","type-page","status-publish","hentry"],"yoast_head":"<!-- This site is optimized with the Yoast SEO plugin v21.7 - https:\/\/yoast.com\/wordpress\/plugins\/seo\/ -->\n<title>Pol\u00edticas de la compa\u00f1\u00eda - Expreso Oro Negro - Vamos a toda la patagonia<\/title>\n<meta name=\"robots\" content=\"noindex, follow, max-snippet:-1, max-image-preview:large, max-video-preview:-1\" \/>\n<meta property=\"og:locale\" content=\"es_ES\" \/>\n<meta property=\"og:type\" content=\"article\" \/>\n<meta property=\"og:title\" content=\"Pol\u00edticas de la compa\u00f1\u00eda - Expreso Oro Negro - Vamos a toda la patagonia\" \/>\n<meta property=\"og:description\" content=\"Estamos en toda la Patagonia. Con un solo proveedor, cubre todas sus necesidades log\u00edsticas.\" \/>\n<meta property=\"og:url\" content=\"https:\/\/www.expresooronegro.com\/excelsior\/politicas-de-la-compania\/\" \/>\n<meta property=\"og:site_name\" content=\"Expreso Oro Negro - Vamos a toda la patagonia\" \/>\n<meta property=\"article:modified_time\" content=\"2024-05-21T19:49:29+00:00\" \/>\n<meta property=\"og:image\" content=\"http:\/\/www.expresooronegro.com\/excelsior\/wp-content\/uploads\/2024\/04\/10-razones-2-1024x960.jpg\" \/>\n<meta name=\"twitter:card\" content=\"summary_large_image\" \/>\n<meta name=\"twitter:label1\" content=\"Tiempo de lectura\" \/>\n\t<meta name=\"twitter:data1\" content=\"2 minutos\" \/>\n<script type=\"application\/ld+json\" class=\"yoast-schema-graph\">{\"@context\":\"https:\/\/schema.org\",\"@graph\":[{\"@type\":\"WebPage\",\"@id\":\"https:\/\/www.expresooronegro.com\/excelsior\/politicas-de-la-compania\/\",\"url\":\"https:\/\/www.expresooronegro.com\/excelsior\/politicas-de-la-compania\/\",\"name\":\"Pol\u00edticas de la compa\u00f1\u00eda - Expreso Oro Negro - Vamos a toda la patagonia\",\"isPartOf\":{\"@id\":\"https:\/\/www.expresooronegro.com\/#website\"},\"datePublished\":\"2024-05-21T19:40:16+00:00\",\"dateModified\":\"2024-05-21T19:49:29+00:00\",\"breadcrumb\":{\"@id\":\"https:\/\/www.expresooronegro.com\/excelsior\/politicas-de-la-compania\/#breadcrumb\"},\"inLanguage\":\"es\",\"potentialAction\":[{\"@type\":\"ReadAction\",\"target\":[\"https:\/\/www.expresooronegro.com\/excelsior\/politicas-de-la-compania\/\"]}]},{\"@type\":\"BreadcrumbList\",\"@id\":\"https:\/\/www.expresooronegro.com\/excelsior\/politicas-de-la-compania\/#breadcrumb\",\"itemListElement\":[{\"@type\":\"ListItem\",\"position\":1,\"name\":\"Portada\",\"item\":\"https:\/\/www.expresooronegro.com\/\"},{\"@type\":\"ListItem\",\"position\":2,\"name\":\"Pol\u00edticas de la compa\u00f1\u00eda\"}]},{\"@type\":\"WebSite\",\"@id\":\"https:\/\/www.expresooronegro.com\/#website\",\"url\":\"https:\/\/www.expresooronegro.com\/\",\"name\":\"Expreso Oro Negro - Vamos a toda la patagonia\",\"description\":\"Somos la empresa l\u00edder para el transporte de carga a la Patagonia\",\"publisher\":{\"@id\":\"https:\/\/www.expresooronegro.com\/#organization\"},\"potentialAction\":[{\"@type\":\"SearchAction\",\"target\":{\"@type\":\"EntryPoint\",\"urlTemplate\":\"https:\/\/www.expresooronegro.com\/?s={search_term_string}\"},\"query-input\":\"required name=search_term_string\"}],\"inLanguage\":\"es\"},{\"@type\":\"Organization\",\"@id\":\"https:\/\/www.expresooronegro.com\/#organization\",\"name\":\"Expreso Oro Negro\",\"url\":\"https:\/\/www.expresooronegro.com\/\",\"logo\":{\"@type\":\"ImageObject\",\"inLanguage\":\"es\",\"@id\":\"https:\/\/www.expresooronegro.com\/#\/schema\/logo\/image\/\",\"url\":\"https:\/\/www.expresooronegro.com\/excelsior\/wp-content\/uploads\/2021\/11\/logo-expreso-oro-negro-blanco-1.png\",\"contentUrl\":\"https:\/\/www.expresooronegro.com\/excelsior\/wp-content\/uploads\/2021\/11\/logo-expreso-oro-negro-blanco-1.png\",\"width\":250,\"height\":57,\"caption\":\"Expreso Oro Negro\"},\"image\":{\"@id\":\"https:\/\/www.expresooronegro.com\/#\/schema\/logo\/image\/\"}}]}<\/script>\n<!-- \/ Yoast SEO plugin. -->","yoast_head_json":{"title":"Pol\u00edticas de la compa\u00f1\u00eda - Expreso Oro Negro - Vamos a toda la patagonia","robots":{"index":"noindex","follow":"follow","max-snippet":"max-snippet:-1","max-image-preview":"max-image-preview:large","max-video-preview":"max-video-preview:-1"},"og_locale":"es_ES","og_type":"article","og_title":"Pol\u00edticas de la compa\u00f1\u00eda - Expreso Oro Negro - Vamos a toda la patagonia","og_description":"Estamos en toda la Patagonia. Con un solo proveedor, cubre todas sus necesidades log\u00edsticas.","og_url":"https:\/\/www.expresooronegro.com\/excelsior\/politicas-de-la-compania\/","og_site_name":"Expreso Oro Negro - Vamos a toda la patagonia","article_modified_time":"2024-05-21T19:49:29+00:00","og_image":[{"url":"http:\/\/www.expresooronegro.com\/excelsior\/wp-content\/uploads\/2024\/04\/10-razones-2-1024x960.jpg"}],"twitter_card":"summary_large_image","twitter_misc":{"Tiempo de lectura":"2 minutos"},"schema":{"@context":"https:\/\/schema.org","@graph":[{"@type":"WebPage","@id":"https:\/\/www.expresooronegro.com\/excelsior\/politicas-de-la-compania\/","url":"https:\/\/www.expresooronegro.com\/excelsior\/politicas-de-la-compania\/","name":"Pol\u00edticas de la compa\u00f1\u00eda - Expreso Oro Negro - Vamos a toda la patagonia","isPartOf":{"@id":"https:\/\/www.expresooronegro.com\/#website"},"datePublished":"2024-05-21T19:40:16+00:00","dateModified":"2024-05-21T19:49:29+00:00","breadcrumb":{"@id":"https:\/\/www.expresooronegro.com\/excelsior\/politicas-de-la-compania\/#breadcrumb"},"inLanguage":"es","potentialAction":[{"@type":"ReadAction","target":["https:\/\/www.expresooronegro.com\/excelsior\/politicas-de-la-compania\/"]}]},{"@type":"BreadcrumbList","@id":"https:\/\/www.expresooronegro.com\/excelsior\/politicas-de-la-compania\/#breadcrumb","itemListElement":[{"@type":"ListItem","position":1,"name":"Portada","item":"https:\/\/www.expresooronegro.com\/"},{"@type":"ListItem","position":2,"name":"Pol\u00edticas de la compa\u00f1\u00eda"}]},{"@type":"WebSite","@id":"https:\/\/www.expresooronegro.com\/#website","url":"https:\/\/www.expresooronegro.com\/","name":"Expreso Oro Negro - Vamos a toda la patagonia","description":"Somos la empresa l\u00edder para el transporte de carga a la Patagonia","publisher":{"@id":"https:\/\/www.expresooronegro.com\/#organization"},"potentialAction":[{"@type":"SearchAction","target":{"@type":"EntryPoint","urlTemplate":"https:\/\/www.expresooronegro.com\/?s={search_term_string}"},"query-input":"required name=search_term_string"}],"inLanguage":"es"},{"@type":"Organization","@id":"https:\/\/www.expresooronegro.com\/#organization","name":"Expreso Oro Negro","url":"https:\/\/www.expresooronegro.com\/","logo":{"@type":"ImageObject","inLanguage":"es","@id":"https:\/\/www.expresooronegro.com\/#\/schema\/logo\/image\/","url":"https:\/\/www.expresooronegro.com\/excelsior\/wp-content\/uploads\/2021\/11\/logo-expreso-oro-negro-blanco-1.png","contentUrl":"https:\/\/www.expresooronegro.com\/excelsior\/wp-content\/uploads\/2021\/11\/logo-expreso-oro-negro-blanco-1.png","width":250,"height":57,"caption":"Expreso Oro Negro"},"image":{"@id":"https:\/\/www.expresooronegro.com\/#\/schema\/logo\/image\/"}}]}},"_links":{"self":[{"href":"https:\/\/www.expresooronegro.com\/excelsior\/wp-json\/wp\/v2\/pages\/863","targetHints":{"allow":["GET"]}}],"collection":[{"href":"https:\/\/www.expresooronegro.com\/excelsior\/wp-json\/wp\/v2\/pages"}],"about":[{"href":"https:\/\/www.expresooronegro.com\/excelsior\/wp-json\/wp\/v2\/types\/page"}],"author":[{"embeddable":true,"href":"https:\/\/www.expresooronegro.com\/excelsior\/wp-json\/wp\/v2\/users\/1"}],"replies":[{"embeddable":true,"href":"https:\/\/www.expresooronegro.com\/excelsior\/wp-json\/wp\/v2\/comments?post=863"}],"version-history":[{"count":5,"href":"https:\/\/www.expresooronegro.com\/excelsior\/wp-json\/wp\/v2\/pages\/863\/revisions"}],"predecessor-version":[{"id":868,"href":"https:\/\/www.expresooronegro.com\/excelsior\/wp-json\/wp\/v2\/pages\/863\/revisions\/868"}],"wp:attachment":[{"href":"https:\/\/www.expresooronegro.com\/excelsior\/wp-json\/wp\/v2\/media?parent=863"}],"curies":[{"name":"wp","href":"https:\/\/api.w.org\/{rel}","templated":true}]}}