{"id":728,"date":"2022-11-26T01:15:43","date_gmt":"2022-11-26T01:15:43","guid":{"rendered":"https:\/\/www.expresooronegro.com\/?page_id=728"},"modified":"2022-11-26T01:18:50","modified_gmt":"2022-11-26T01:18:50","slug":"servicios","status":"publish","type":"page","link":"https:\/\/www.expresooronegro.com\/excelsior\/servicios\/","title":{"rendered":"Servicios"},"content":{"rendered":"\t\t<div data-elementor-type=\"wp-page\" data-elementor-id=\"728\" class=\"elementor elementor-728\" data-elementor-post-type=\"page\">\n\t\t\t\t\t\t<section class=\"elementor-section elementor-top-section elementor-element elementor-element-67e4789 elementor-reverse-mobile elementor-section-boxed elementor-section-height-default elementor-section-height-default\" data-id=\"67e4789\" data-element_type=\"section\" data-settings=\"{&quot;background_background&quot;:&quot;classic&quot;}\">\n\t\t\t\t\t\t<div class=\"elementor-container elementor-column-gap-no\">\n\t\t\t\t\t<div class=\"aux-parallax-section elementor-column elementor-col-50 elementor-top-column elementor-element elementor-element-73d7d6a .left-column\" data-id=\"73d7d6a\" data-element_type=\"column\">\n\t\t\t<div class=\"elementor-widget-wrap elementor-element-populated\">\n\t\t\t\t\t\t<section class=\"elementor-section elementor-inner-section elementor-element elementor-element-27a3b9c elementor-section-boxed elementor-section-height-default elementor-section-height-default\" data-id=\"27a3b9c\" data-element_type=\"section\">\n\t\t\t\t\t\t<div class=\"elementor-container elementor-column-gap-no\">\n\t\t\t\t\t<div class=\"aux-parallax-section elementor-column elementor-col-100 elementor-inner-column elementor-element elementor-element-cb8ebe1\" data-id=\"cb8ebe1\" data-element_type=\"column\">\n\t\t\t<div class=\"elementor-widget-wrap elementor-element-populated\">\n\t\t\t\t\t\t<div class=\"elementor-element elementor-element-0207ffc elementor-widget__width-auto elementor-widget-divider--view-line elementor-widget elementor-widget-divider\" data-id=\"0207ffc\" data-element_type=\"widget\" data-widget_type=\"divider.default\">\n\t\t\t\t<div class=\"elementor-widget-container\">\n\t\t\t\t\t<div class=\"elementor-divider\">\n\t\t\t<span class=\"elementor-divider-separator\">\n\t\t\t\t\t\t<\/span>\n\t\t<\/div>\n\t\t\t\t<\/div>\n\t\t\t\t<\/div>\n\t\t\t\t<div class=\"elementor-element elementor-element-30e32f4 elementor-widget__width-auto elementor-widget elementor-widget-heading\" data-id=\"30e32f4\" data-element_type=\"widget\" data-widget_type=\"heading.default\">\n\t\t\t\t<div class=\"elementor-widget-container\">\n\t\t\t<p class=\"elementor-heading-title elementor-size-default\">Cuatro divisiones, todos los servicios<\/p>\t\t<\/div>\n\t\t\t\t<\/div>\n\t\t\t\t\t<\/div>\n\t\t<\/div>\n\t\t\t\t\t<\/div>\n\t\t<\/section>\n\t\t\t\t<div class=\"elementor-element elementor-element-051d3d7 aux-appear-watch-animation aux-fade-in-up-1 elementor-widget elementor-widget-aux_modern_heading\" data-id=\"051d3d7\" data-element_type=\"widget\" data-widget_type=\"aux_modern_heading.default\">\n\t\t\t\t<div class=\"elementor-widget-container\">\n\t\t\t<section class=\"aux-widget-modern-heading\">\n            <div class=\"aux-widget-inner\"><a href=\"https:\/\/www.expresooronegro.com\/excelsior\/portfolio\/flight-booking-app\/\" class=\"aux-modern-heading-primary-link\"><h2 class=\"aux-modern-heading-primary\">Servicios<\/h2><\/a><div class=\"aux-modern-heading-description\"><p>En Oro Negro contamos con divisiones especializadas para cada servicio.<\/p><\/div><\/div>\n        <\/section>\t\t<\/div>\n\t\t\t\t<\/div>\n\t\t\t\t<div class=\"elementor-element elementor-element-3906e68 aux-appear-watch-animation aux-fade-in-right-1 elementor-widget elementor-widget-aux_modern_button\" data-id=\"3906e68\" data-element_type=\"widget\" data-widget_type=\"aux_modern_button.default\">\n\t\t\t\t<div class=\"elementor-widget-container\">\n\t\t\t    <div class=\"aux-modern-button-wrapper aux-modern-button-align-\" >\n                    <a class=\"aux-modern-button aux-black aux-modern-button-md aux-modern-button-normal aux-modern-button-default aux-icon-left\" href=\"#servicios\">\n                <div class=\"aux-overlay\"><\/div>\n                                    <div class=\"aux-icon \">\n                        <svg xmlns=\"http:\/\/www.w3.org\/2000\/svg\" width=\"18\" height=\"10.998\" viewBox=\"0 0 18 10.998\"><g id=\"right_arrow_-_icon\" data-name=\"right arrow - icon\" transform=\"translate(21 -6.501) rotate(90)\"><path id=\"Path_98\" data-name=\"Path 98\" d=\"M6.59,11.858a.714.714,0,0,0,.627.38h4.066v8.028a.717.717,0,1,0,1.434,0V12.238h4.066a.713.713,0,0,0,.627-.38.748.748,0,0,0-.02-.745l-4.783-7.77a.709.709,0,0,0-1.214,0L6.61,11.113A.754.754,0,0,0,6.59,11.858Z\" fill=\"#fecd1a\"><\/path><\/g><\/svg>                    <\/div>\n                                <div class=\"aux-text\">\n<span class=\"aux-text-before\">Ver Servicios<\/span>                <\/div>\n            <\/a>\n            \n    <\/div>\n\n    \t\t<\/div>\n\t\t\t\t<\/div>\n\t\t\t\t\t<\/div>\n\t\t<\/div>\n\t\t\t\t<div class=\"aux-parallax-section elementor-column elementor-col-50 elementor-top-column elementor-element elementor-element-da04164 right-column aux-appear-watch-animation aux-fade-in\" data-id=\"da04164\" data-element_type=\"column\" data-settings=\"{&quot;background_background&quot;:&quot;classic&quot;}\">\n\t\t\t<div class=\"elementor-widget-wrap elementor-element-populated\">\n\t\t\t\t\t\t<div class=\"elementor-element elementor-element-2be28e5 elementor-widget__width-auto icon-portfolio elementor-view-default elementor-widget elementor-widget-icon\" data-id=\"2be28e5\" data-element_type=\"widget\" data-widget_type=\"icon.default\">\n\t\t\t\t<div class=\"elementor-widget-container\">\n\t\t\t\t\t<div class=\"elementor-icon-wrapper\">\n\t\t\t<a class=\"elementor-icon\" href=\"\/demos\/freelancer\/portfolio\/branding-nice-studio\/\">\n\t\t\t<svg xmlns=\"http:\/\/www.w3.org\/2000\/svg\" width=\"725.221\" height=\"627.133\" viewBox=\"0 0 725.221 627.133\"><rect id=\"_0d30a061-2dae-4920-9275-da62c26ef3e5\" data-name=\"0d30a061-2dae-4920-9275-da62c26ef3e5\" width=\"650\" height=\"532\" rx=\"45\" transform=\"translate(0 101.682) rotate(-9)\" fill=\"#fff\" opacity=\"0.1\"><\/rect><\/svg>\t\t\t<\/a>\n\t\t<\/div>\n\t\t\t\t<\/div>\n\t\t\t\t<\/div>\n\t\t\t\t<div class=\"elementor-element elementor-element-aa3c1f3 aux-appear-watch-animation aux-rotate-in elementor-widget elementor-widget-aux_image\" data-id=\"aa3c1f3\" data-element_type=\"widget\" data-widget_type=\"aux_image.default\">\n\t\t\t\t<div class=\"elementor-widget-container\">\n\t\t\t<section class=\"widget-container aux-widget-image aux-alignnone aux-parent-au486ac8c6\">\n    <div class=\"aux-media-hint-frame \">\n        <div class=\"aux-media-image aux-hover-active\" >\n                    <a class=\"\" href=\"https:\/\/www.expresooronegro.com\/excelsior\/portfolio\/branding-nice-studio\/\" data-elementor-open-lightbox=\"no\" data-original-width=\"653\" data-original-height=\"449\" data-caption=\"BlackEON-camion-recortado\" target=\"_self\"  >\n        \n            \n\n            \n            <img decoding=\"async\" src=\"https:\/\/www.expresooronegro.com\/excelsior\/wp-content\/uploads\/2021\/11\/BlackEON-camion-recortado-1024x1024.png\" alt=\"BlackEON-camion-recortado\" \/>            \n                    <\/a>\n                <\/div>\n    <\/div>\n\n<\/section><!-- widget-container -->\t\t<\/div>\n\t\t\t\t<\/div>\n\t\t\t\t\t<\/div>\n\t\t<\/div>\n\t\t\t\t\t<\/div>\n\t\t<\/section>\n\t\t\t\t<section class=\"elementor-section elementor-top-section elementor-element elementor-element-caf6104 elementor-section-boxed elementor-section-height-default elementor-section-height-default\" data-id=\"caf6104\" data-element_type=\"section\">\n\t\t\t\t\t\t<div class=\"elementor-container elementor-column-gap-default\">\n\t\t\t\t\t<div class=\"aux-parallax-section elementor-column elementor-col-25 elementor-top-column elementor-element elementor-element-4f35234\" data-id=\"4f35234\" data-element_type=\"column\">\n\t\t\t<div class=\"elementor-widget-wrap elementor-element-populated\">\n\t\t\t\t\t\t<div class=\"elementor-element elementor-element-e3edc95 elementor-position-top elementor-widget elementor-widget-image-box\" data-id=\"e3edc95\" data-element_type=\"widget\" data-widget_type=\"image-box.default\">\n\t\t\t\t<div class=\"elementor-widget-container\">\n\t\t\t<div class=\"elementor-image-box-wrapper\"><figure class=\"elementor-image-box-img\"><a href=\"https:\/\/www.expresooronegro.com\/excelsior\/cargas-generales\/\" tabindex=\"-1\"><img fetchpriority=\"high\" decoding=\"async\" width=\"848\" height=\"480\" src=\"https:\/\/www.expresooronegro.com\/excelsior\/wp-content\/uploads\/2022\/11\/cargas-generales.jpg\" class=\"elementor-animation-shrink attachment-full size-full wp-image-638\" alt=\"\" \/><\/a><\/figure><div class=\"elementor-image-box-content\"><h3 class=\"elementor-image-box-title\"><a href=\"https:\/\/www.expresooronegro.com\/excelsior\/cargas-generales\/\">Cargas Generales<\/a><\/h3><p class=\"elementor-image-box-description\">Estamos en toda la Patagonia. Ofrecemos eficiencia, seguridad y cobertura total a trav\u00e9s de nuestra red de sucursales propias. Con un solo proveedor, cubre todas sus necesidades log\u00edsticas.<\/p><\/div><\/div>\t\t<\/div>\n\t\t\t\t<\/div>\n\t\t\t\t\t<\/div>\n\t\t<\/div>\n\t\t\t\t<div class=\"aux-parallax-section elementor-column elementor-col-25 elementor-top-column elementor-element elementor-element-6714b24\" data-id=\"6714b24\" data-element_type=\"column\">\n\t\t\t<div class=\"elementor-widget-wrap elementor-element-populated\">\n\t\t\t\t\t\t<div class=\"elementor-element elementor-element-57adf9a elementor-position-top elementor-widget elementor-widget-image-box\" data-id=\"57adf9a\" data-element_type=\"widget\" data-widget_type=\"image-box.default\">\n\t\t\t\t<div class=\"elementor-widget-container\">\n\t\t\t<div class=\"elementor-image-box-wrapper\"><figure class=\"elementor-image-box-img\"><a href=\"https:\/\/www.expresooronegro.com\/excelsior\/deseado-express\/\" tabindex=\"-1\"><img decoding=\"async\" width=\"848\" height=\"480\" src=\"https:\/\/www.expresooronegro.com\/excelsior\/wp-content\/uploads\/2022\/11\/deseadoexpress1.jpg\" class=\"elementor-animation-shrink attachment-full size-full wp-image-587\" alt=\"\" \/><\/a><\/figure><div class=\"elementor-image-box-content\"><h3 class=\"elementor-image-box-title\"><a href=\"https:\/\/www.expresooronegro.com\/excelsior\/deseado-express\/\">Deseado Express<\/a><\/h3><p class=\"elementor-image-box-description\">Deseado Express, empresa de transporte de hidrocarburos, define su Pol\u00edtica de Seguridad Vial basada en el compromiso de conducir sus actividades dando la m\u00e1xima importancia a la protecci\u00f3n de la Salud, la Seguridad del personal y la Seguridad Vial.<\/p><\/div><\/div>\t\t<\/div>\n\t\t\t\t<\/div>\n\t\t\t\t\t<\/div>\n\t\t<\/div>\n\t\t\t\t<div class=\"aux-parallax-section elementor-column elementor-col-25 elementor-top-column elementor-element elementor-element-5ab71eb\" data-id=\"5ab71eb\" data-element_type=\"column\">\n\t\t\t<div class=\"elementor-widget-wrap elementor-element-populated\">\n\t\t\t\t\t\t<div class=\"elementor-element elementor-element-d7beed8 elementor-position-top elementor-widget elementor-widget-image-box\" data-id=\"d7beed8\" data-element_type=\"widget\" data-widget_type=\"image-box.default\">\n\t\t\t\t<div class=\"elementor-widget-container\">\n\t\t\t<div class=\"elementor-image-box-wrapper\"><figure class=\"elementor-image-box-img\"><a href=\"https:\/\/www.expresooronegro.com\/excelsior\/cargas-generales-2\/\" tabindex=\"-1\"><img decoding=\"async\" width=\"847\" height=\"440\" src=\"https:\/\/www.expresooronegro.com\/excelsior\/wp-content\/uploads\/2022\/11\/refrigerados1.jpg\" class=\"elementor-animation-shrink attachment-full size-full wp-image-667\" alt=\"\" \/><\/a><\/figure><div class=\"elementor-image-box-content\"><h3 class=\"elementor-image-box-title\"><a href=\"https:\/\/www.expresooronegro.com\/excelsior\/cargas-generales-2\/\">Refrigerados y Congelados<\/a><\/h3><p class=\"elementor-image-box-description\">Contamos con una divisi\u00f3n independiente para la operaci\u00f3n, transporte y distribuci\u00f3n de productos refrigerados y s\u00faper congelados. Cada una de nuestras plantas operativas, est\u00e1n equipadas con c\u00e1maras para productos refrigerados o congelados con alarma de seguimiento de temperaturas<\/p><\/div><\/div>\t\t<\/div>\n\t\t\t\t<\/div>\n\t\t\t\t\t<\/div>\n\t\t<\/div>\n\t\t\t\t<div class=\"aux-parallax-section elementor-column elementor-col-25 elementor-top-column elementor-element elementor-element-a2d0c00\" data-id=\"a2d0c00\" data-element_type=\"column\">\n\t\t\t<div class=\"elementor-widget-wrap elementor-element-populated\">\n\t\t\t\t\t\t<div class=\"elementor-element elementor-element-c15785d elementor-position-top elementor-widget elementor-widget-image-box\" data-id=\"c15785d\" data-element_type=\"widget\" data-widget_type=\"image-box.default\">\n\t\t\t\t<div class=\"elementor-widget-container\">\n\t\t\t<div class=\"elementor-image-box-wrapper\"><figure class=\"elementor-image-box-img\"><a href=\"https:\/\/www.expresooronegro.com\/excelsior\/cargas-generales-2-2\/\" tabindex=\"-1\"><img loading=\"lazy\" decoding=\"async\" width=\"848\" height=\"480\" src=\"https:\/\/www.expresooronegro.com\/excelsior\/wp-content\/uploads\/2022\/11\/mineria.jpg\" class=\"elementor-animation-shrink attachment-full size-full wp-image-674\" alt=\"\" \/><\/a><\/figure><div class=\"elementor-image-box-content\"><h3 class=\"elementor-image-box-title\"><a href=\"https:\/\/www.expresooronegro.com\/excelsior\/cargas-generales-2-2\/\">Miner\u00eda<\/a><\/h3><p class=\"elementor-image-box-description\">Contamos con la tecnolog\u00eda y la infraestructura necesaria para abastecer los suministros que, las empresas mineras de cualquier punto de la Patagonia, necesitan para sus operaciones.<\/p><\/div><\/div>\t\t<\/div>\n\t\t\t\t<\/div>\n\t\t\t\t\t<\/div>\n\t\t<\/div>\n\t\t\t\t\t<\/div>\n\t\t<\/section>\n\t\t\t\t<section class=\"elementor-section elementor-top-section elementor-element elementor-element-19a2bcb elementor-section-boxed elementor-section-height-default elementor-section-height-default\" data-id=\"19a2bcb\" data-element_type=\"section\">\n\t\t\t\t\t\t<div class=\"elementor-container elementor-column-gap-default\">\n\t\t\t\t\t<div class=\"aux-parallax-section elementor-column elementor-col-100 elementor-top-column elementor-element elementor-element-4c90335\" data-id=\"4c90335\" data-element_type=\"column\">\n\t\t\t<div class=\"elementor-widget-wrap elementor-element-populated\">\n\t\t\t\t\t\t<div class=\"elementor-element elementor-element-7aa524e elementor-widget elementor-widget-spacer\" data-id=\"7aa524e\" data-element_type=\"widget\" data-widget_type=\"spacer.default\">\n\t\t\t\t<div class=\"elementor-widget-container\">\n\t\t\t\t\t<div class=\"elementor-spacer\">\n\t\t\t<div class=\"elementor-spacer-inner\"><\/div>\n\t\t<\/div>\n\t\t\t\t<\/div>\n\t\t\t\t<\/div>\n\t\t\t\t\t<\/div>\n\t\t<\/div>\n\t\t\t\t\t<\/div>\n\t\t<\/section>\n\t\t\t\t<\/div>\n\t\t","protected":false},"excerpt":{"rendered":"<p>En Oro Negro contamos con divisiones especializadas para cada servicio.<\/p>\n","protected":false},"author":1,"featured_media":0,"parent":0,"menu_order":0,"comment_status":"closed","ping_status":"closed","template":"templates\/page-builder-content.php","meta":{"footnotes":""},"class_list":["post-728","page","type-page","status-publish","hentry"],"yoast_head":"<!-- This site is optimized with the Yoast SEO plugin v21.7 - https:\/\/yoast.com\/wordpress\/plugins\/seo\/ -->\n<title>Servicios - Expreso Oro Negro - Vamos a toda la patagonia<\/title>\n<meta name=\"robots\" content=\"noindex, follow, max-snippet:-1, max-image-preview:large, max-video-preview:-1\" \/>\n<meta property=\"og:locale\" content=\"es_ES\" \/>\n<meta property=\"og:type\" content=\"article\" \/>\n<meta property=\"og:title\" content=\"Servicios - Expreso Oro Negro - Vamos a toda la patagonia\" \/>\n<meta property=\"og:description\" content=\"En Oro Negro contamos con divisiones especializadas para cada servicio.\" \/>\n<meta property=\"og:url\" content=\"https:\/\/www.expresooronegro.com\/excelsior\/servicios\/\" \/>\n<meta property=\"og:site_name\" content=\"Expreso Oro Negro - Vamos a toda la patagonia\" \/>\n<meta property=\"article:modified_time\" content=\"2022-11-26T01:18:50+00:00\" \/>\n<meta property=\"og:image\" content=\"http:\/\/www.expresooronegro.com\/excelsior\/wp-content\/uploads\/2021\/11\/BlackEON-camion-recortado.png\" \/>\n<meta name=\"twitter:card\" content=\"summary_large_image\" \/>\n<meta name=\"twitter:label1\" content=\"Tiempo de lectura\" \/>\n\t<meta name=\"twitter:data1\" content=\"1 minuto\" \/>\n<script type=\"application\/ld+json\" class=\"yoast-schema-graph\">{\"@context\":\"https:\/\/schema.org\",\"@graph\":[{\"@type\":\"WebPage\",\"@id\":\"https:\/\/www.expresooronegro.com\/excelsior\/servicios\/\",\"url\":\"https:\/\/www.expresooronegro.com\/excelsior\/servicios\/\",\"name\":\"Servicios - Expreso Oro Negro - Vamos a toda la patagonia\",\"isPartOf\":{\"@id\":\"https:\/\/www.expresooronegro.com\/#website\"},\"datePublished\":\"2022-11-26T01:15:43+00:00\",\"dateModified\":\"2022-11-26T01:18:50+00:00\",\"breadcrumb\":{\"@id\":\"https:\/\/www.expresooronegro.com\/excelsior\/servicios\/#breadcrumb\"},\"inLanguage\":\"es\",\"potentialAction\":[{\"@type\":\"ReadAction\",\"target\":[\"https:\/\/www.expresooronegro.com\/excelsior\/servicios\/\"]}]},{\"@type\":\"BreadcrumbList\",\"@id\":\"https:\/\/www.expresooronegro.com\/excelsior\/servicios\/#breadcrumb\",\"itemListElement\":[{\"@type\":\"ListItem\",\"position\":1,\"name\":\"Portada\",\"item\":\"https:\/\/www.expresooronegro.com\/\"},{\"@type\":\"ListItem\",\"position\":2,\"name\":\"Servicios\"}]},{\"@type\":\"WebSite\",\"@id\":\"https:\/\/www.expresooronegro.com\/#website\",\"url\":\"https:\/\/www.expresooronegro.com\/\",\"name\":\"Expreso Oro Negro - Vamos a toda la patagonia\",\"description\":\"Somos la empresa l\u00edder para el transporte de carga a la Patagonia\",\"publisher\":{\"@id\":\"https:\/\/www.expresooronegro.com\/#organization\"},\"potentialAction\":[{\"@type\":\"SearchAction\",\"target\":{\"@type\":\"EntryPoint\",\"urlTemplate\":\"https:\/\/www.expresooronegro.com\/?s={search_term_string}\"},\"query-input\":\"required name=search_term_string\"}],\"inLanguage\":\"es\"},{\"@type\":\"Organization\",\"@id\":\"https:\/\/www.expresooronegro.com\/#organization\",\"name\":\"Expreso Oro Negro\",\"url\":\"https:\/\/www.expresooronegro.com\/\",\"logo\":{\"@type\":\"ImageObject\",\"inLanguage\":\"es\",\"@id\":\"https:\/\/www.expresooronegro.com\/#\/schema\/logo\/image\/\",\"url\":\"https:\/\/www.expresooronegro.com\/excelsior\/wp-content\/uploads\/2021\/11\/logo-expreso-oro-negro-blanco-1.png\",\"contentUrl\":\"https:\/\/www.expresooronegro.com\/excelsior\/wp-content\/uploads\/2021\/11\/logo-expreso-oro-negro-blanco-1.png\",\"width\":250,\"height\":57,\"caption\":\"Expreso Oro Negro\"},\"image\":{\"@id\":\"https:\/\/www.expresooronegro.com\/#\/schema\/logo\/image\/\"}}]}<\/script>\n<!-- \/ Yoast SEO plugin. -->","yoast_head_json":{"title":"Servicios - Expreso Oro Negro - Vamos a toda la patagonia","robots":{"index":"noindex","follow":"follow","max-snippet":"max-snippet:-1","max-image-preview":"max-image-preview:large","max-video-preview":"max-video-preview:-1"},"og_locale":"es_ES","og_type":"article","og_title":"Servicios - Expreso Oro Negro - Vamos a toda la patagonia","og_description":"En Oro Negro contamos con divisiones especializadas para cada servicio.","og_url":"https:\/\/www.expresooronegro.com\/excelsior\/servicios\/","og_site_name":"Expreso Oro Negro - Vamos a toda la patagonia","article_modified_time":"2022-11-26T01:18:50+00:00","og_image":[{"url":"http:\/\/www.expresooronegro.com\/excelsior\/wp-content\/uploads\/2021\/11\/BlackEON-camion-recortado.png"}],"twitter_card":"summary_large_image","twitter_misc":{"Tiempo de lectura":"1 minuto"},"schema":{"@context":"https:\/\/schema.org","@graph":[{"@type":"WebPage","@id":"https:\/\/www.expresooronegro.com\/excelsior\/servicios\/","url":"https:\/\/www.expresooronegro.com\/excelsior\/servicios\/","name":"Servicios - Expreso Oro Negro - Vamos a toda la patagonia","isPartOf":{"@id":"https:\/\/www.expresooronegro.com\/#website"},"datePublished":"2022-11-26T01:15:43+00:00","dateModified":"2022-11-26T01:18:50+00:00","breadcrumb":{"@id":"https:\/\/www.expresooronegro.com\/excelsior\/servicios\/#breadcrumb"},"inLanguage":"es","potentialAction":[{"@type":"ReadAction","target":["https:\/\/www.expresooronegro.com\/excelsior\/servicios\/"]}]},{"@type":"BreadcrumbList","@id":"https:\/\/www.expresooronegro.com\/excelsior\/servicios\/#breadcrumb","itemListElement":[{"@type":"ListItem","position":1,"name":"Portada","item":"https:\/\/www.expresooronegro.com\/"},{"@type":"ListItem","position":2,"name":"Servicios"}]},{"@type":"WebSite","@id":"https:\/\/www.expresooronegro.com\/#website","url":"https:\/\/www.expresooronegro.com\/","name":"Expreso Oro Negro - Vamos a toda la patagonia","description":"Somos la empresa l\u00edder para el transporte de carga a la Patagonia","publisher":{"@id":"https:\/\/www.expresooronegro.com\/#organization"},"potentialAction":[{"@type":"SearchAction","target":{"@type":"EntryPoint","urlTemplate":"https:\/\/www.expresooronegro.com\/?s={search_term_string}"},"query-input":"required name=search_term_string"}],"inLanguage":"es"},{"@type":"Organization","@id":"https:\/\/www.expresooronegro.com\/#organization","name":"Expreso Oro Negro","url":"https:\/\/www.expresooronegro.com\/","logo":{"@type":"ImageObject","inLanguage":"es","@id":"https:\/\/www.expresooronegro.com\/#\/schema\/logo\/image\/","url":"https:\/\/www.expresooronegro.com\/excelsior\/wp-content\/uploads\/2021\/11\/logo-expreso-oro-negro-blanco-1.png","contentUrl":"https:\/\/www.expresooronegro.com\/excelsior\/wp-content\/uploads\/2021\/11\/logo-expreso-oro-negro-blanco-1.png","width":250,"height":57,"caption":"Expreso Oro Negro"},"image":{"@id":"https:\/\/www.expresooronegro.com\/#\/schema\/logo\/image\/"}}]}},"_links":{"self":[{"href":"https:\/\/www.expresooronegro.com\/excelsior\/wp-json\/wp\/v2\/pages\/728","targetHints":{"allow":["GET"]}}],"collection":[{"href":"https:\/\/www.expresooronegro.com\/excelsior\/wp-json\/wp\/v2\/pages"}],"about":[{"href":"https:\/\/www.expresooronegro.com\/excelsior\/wp-json\/wp\/v2\/types\/page"}],"author":[{"embeddable":true,"href":"https:\/\/www.expresooronegro.com\/excelsior\/wp-json\/wp\/v2\/users\/1"}],"replies":[{"embeddable":true,"href":"https:\/\/www.expresooronegro.com\/excelsior\/wp-json\/wp\/v2\/comments?post=728"}],"version-history":[{"count":6,"href":"https:\/\/www.expresooronegro.com\/excelsior\/wp-json\/wp\/v2\/pages\/728\/revisions"}],"predecessor-version":[{"id":734,"href":"https:\/\/www.expresooronegro.com\/excelsior\/wp-json\/wp\/v2\/pages\/728\/revisions\/734"}],"wp:attachment":[{"href":"https:\/\/www.expresooronegro.com\/excelsior\/wp-json\/wp\/v2\/media?parent=728"}],"curies":[{"name":"wp","href":"https:\/\/api.w.org\/{rel}","templated":true}]}}