{"id":673,"date":"2022-11-25T19:22:32","date_gmt":"2022-11-25T19:22:32","guid":{"rendered":"https:\/\/www.expresooronegro.com\/?page_id=673"},"modified":"2026-04-24T12:44:52","modified_gmt":"2026-04-24T15:44:52","slug":"mineria","status":"publish","type":"page","link":"https:\/\/www.expresooronegro.com\/excelsior\/mineria\/","title":{"rendered":"Miner\u00eda"},"content":{"rendered":"\t\t<div data-elementor-type=\"wp-page\" data-elementor-id=\"673\" class=\"elementor elementor-673\" data-elementor-post-type=\"page\">\n\t\t\t\t\t\t<section class=\"elementor-section elementor-top-section elementor-element elementor-element-67e4789 elementor-reverse-mobile elementor-section-boxed elementor-section-height-default elementor-section-height-default\" data-id=\"67e4789\" data-element_type=\"section\" data-settings=\"{&quot;background_background&quot;:&quot;classic&quot;}\">\n\t\t\t\t\t\t<div class=\"elementor-container elementor-column-gap-no\">\n\t\t\t\t\t<div class=\"aux-parallax-section elementor-column elementor-col-50 elementor-top-column elementor-element elementor-element-e3d09c9 left-column\" data-id=\"e3d09c9\" data-element_type=\"column\">\n\t\t\t<div class=\"elementor-widget-wrap elementor-element-populated\">\n\t\t\t\t\t\t<section class=\"elementor-section elementor-inner-section elementor-element elementor-element-eb3e550 elementor-section-boxed elementor-section-height-default elementor-section-height-default\" data-id=\"eb3e550\" data-element_type=\"section\">\n\t\t\t\t\t\t<div class=\"elementor-container elementor-column-gap-no\">\n\t\t\t\t\t<div class=\"aux-parallax-section elementor-column elementor-col-100 elementor-inner-column elementor-element elementor-element-3f7cc22\" data-id=\"3f7cc22\" data-element_type=\"column\">\n\t\t\t<div class=\"elementor-widget-wrap elementor-element-populated\">\n\t\t\t\t\t\t<div class=\"elementor-element elementor-element-cf5dfe6 elementor-widget__width-auto elementor-widget-divider--view-line elementor-widget elementor-widget-divider\" data-id=\"cf5dfe6\" data-element_type=\"widget\" data-widget_type=\"divider.default\">\n\t\t\t\t<div class=\"elementor-widget-container\">\n\t\t\t\t\t<div class=\"elementor-divider\">\n\t\t\t<span class=\"elementor-divider-separator\">\n\t\t\t\t\t\t<\/span>\n\t\t<\/div>\n\t\t\t\t<\/div>\n\t\t\t\t<\/div>\n\t\t\t\t<div class=\"elementor-element elementor-element-7680ac4 elementor-widget__width-auto aux-appear-watch-animation aux-fade-in elementor-widget elementor-widget-heading\" data-id=\"7680ac4\" data-element_type=\"widget\" data-widget_type=\"heading.default\">\n\t\t\t\t<div class=\"elementor-widget-container\">\n\t\t\t<p class=\"elementor-heading-title elementor-size-default\">Servicios<\/p>\t\t<\/div>\n\t\t\t\t<\/div>\n\t\t\t\t\t<\/div>\n\t\t<\/div>\n\t\t\t\t\t<\/div>\n\t\t<\/section>\n\t\t\t\t<div class=\"elementor-element elementor-element-bf39e2f aux-appear-watch-animation aux-fade-in-up-1 elementor-widget elementor-widget-aux_modern_heading\" data-id=\"bf39e2f\" data-element_type=\"widget\" data-widget_type=\"aux_modern_heading.default\">\n\t\t\t\t<div class=\"elementor-widget-container\">\n\t\t\t<section class=\"aux-widget-modern-heading\">\n            <div class=\"aux-widget-inner\"><a href=\"https:\/\/www.expresooronegro.com\/excelsior\/portfolio\/branding-nice-studio\/\" class=\"aux-modern-heading-primary-link\"><h2 class=\"aux-modern-heading-primary\">Miner\u00eda<\/h2><\/a><div class=\"aux-modern-heading-description\"><p><strong>Contamos con la tecnolog\u00eda y la infraestructura necesaria para abastecer los suministros que, las empresas mineras de cualquier punto de la Patagonia, necesitan para sus operaciones.<\/strong><\/p><p>EON, cuenta con experiencia en los servicios a compa\u00f1\u00edas mineras de gran envergadura.<\/p><p>Nos mantenemos actualizados con la tecnolog\u00eda y capacitaci\u00f3n que necesita el personal para operar en esta divisi\u00f3n adem\u00e1s, estamos presentes en todos los eventos del sector para mantenernos informados de los avances de esta actividad.<\/p><\/div><\/div>\n        <\/section>\t\t<\/div>\n\t\t\t\t<\/div>\n\t\t\t\t\t<\/div>\n\t\t<\/div>\n\t\t\t\t<div class=\"aux-parallax-section elementor-column elementor-col-50 elementor-top-column elementor-element elementor-element-da04164 right-column aux-appear-watch-animation aux-fade-in\" data-id=\"da04164\" data-element_type=\"column\" data-settings=\"{&quot;background_background&quot;:&quot;classic&quot;}\">\n\t\t\t<div class=\"elementor-widget-wrap elementor-element-populated\">\n\t\t\t\t\t\t<div class=\"elementor-element elementor-element-2be28e5 elementor-widget__width-auto icon-portfolio elementor-view-default elementor-widget elementor-widget-icon\" data-id=\"2be28e5\" data-element_type=\"widget\" data-widget_type=\"icon.default\">\n\t\t\t\t<div class=\"elementor-widget-container\">\n\t\t\t\t\t<div class=\"elementor-icon-wrapper\">\n\t\t\t<a class=\"elementor-icon\" href=\"\/demos\/freelancer\/portfolio\/branding-nice-studio\/\">\n\t\t\t<svg xmlns=\"http:\/\/www.w3.org\/2000\/svg\" width=\"725.221\" height=\"627.133\" viewBox=\"0 0 725.221 627.133\"><rect id=\"_0d30a061-2dae-4920-9275-da62c26ef3e5\" data-name=\"0d30a061-2dae-4920-9275-da62c26ef3e5\" width=\"650\" height=\"532\" rx=\"45\" transform=\"translate(0 101.682) rotate(-9)\" fill=\"#fff\" opacity=\"0.1\"><\/rect><\/svg>\t\t\t<\/a>\n\t\t<\/div>\n\t\t\t\t<\/div>\n\t\t\t\t<\/div>\n\t\t\t\t<div class=\"elementor-element elementor-element-aa3c1f3 aux-appear-watch-animation aux-rotate-in elementor-widget elementor-widget-aux_image\" data-id=\"aa3c1f3\" data-element_type=\"widget\" data-widget_type=\"aux_image.default\">\n\t\t\t\t<div class=\"elementor-widget-container\">\n\t\t\t<section class=\"widget-container aux-widget-image aux-alignnone aux-parent-au8bc33867\">\n    <div class=\"aux-media-hint-frame \">\n        <div class=\"aux-media-image aux-hover-active\" >\n                    <a class=\"\" href=\"https:\/\/www.expresooronegro.com\/excelsior\/portfolio\/branding-nice-studio\/\" data-elementor-open-lightbox=\"no\" data-original-width=\"720\" data-original-height=\"1280\" data-caption=\"mineria\" target=\"_self\"  >\n        \n            \n\n            \n            <img decoding=\"async\" src=\"https:\/\/www.expresooronegro.com\/excelsior\/wp-content\/uploads\/2025\/08\/mineria-425x425.jpg\" alt=\"mineria\" \/>            \n                    <\/a>\n                <\/div>\n    <\/div>\n\n<\/section><!-- widget-container -->\t\t<\/div>\n\t\t\t\t<\/div>\n\t\t\t\t\t<\/div>\n\t\t<\/div>\n\t\t\t\t\t<\/div>\n\t\t<\/section>\n\t\t\t\t<section class=\"elementor-section elementor-top-section elementor-element elementor-element-c606402 elementor-section-height-min-height elementor-section-boxed elementor-section-height-default elementor-section-items-middle\" data-id=\"c606402\" data-element_type=\"section\" data-settings=\"{&quot;background_background&quot;:&quot;gradient&quot;}\">\n\t\t\t\t\t\t<div class=\"elementor-container elementor-column-gap-no\">\n\t\t\t\t\t<div class=\"aux-parallax-section elementor-column elementor-col-100 elementor-top-column elementor-element elementor-element-d70bea4\" data-id=\"d70bea4\" data-element_type=\"column\">\n\t\t\t<div class=\"elementor-widget-wrap elementor-element-populated\">\n\t\t\t\t\t\t<div class=\"elementor-element elementor-element-451e0b7 elementor-widget elementor-widget-text-editor\" data-id=\"451e0b7\" data-element_type=\"widget\" data-widget_type=\"text-editor.default\">\n\t\t\t\t<div class=\"elementor-widget-container\">\n\t\t\t\t\t\t\t<ul><li>Traslado a campamentos y centros operativos mineros \u00a0de todo tipo de insumos, maquinarias, veh\u00edculos especiales y otros.<\/li><li>Consolidaci\u00f3n de cargas\u00a0en nuestros centros de distribuci\u00f3n<\/li><li>Desconsolidaci\u00f3n de cargas<\/li><li>Administraci\u00f3n y seguimiento de\u00a0\u00f3rdenes de compras<\/li><li>Retiros en todo el pa\u00eds\u00a0para mineras de la Patagonia<\/li><li>Compra y traslado urgente\u00a0de insumos y herramientas para pa\u00f1oles<\/li><li>Coordinaci\u00f3n de\u00a0gestiones aduaneras,\u00a0portuarias\u00a0y\u00a0aeroportuarias\u00a0para el traslado de insumos<\/li><li>Retiros o recepci\u00f3n\u00a0de proveedores en cada una de nuestras plantas<\/li><li>Ejecutivos de Cuentas\u00a0especializados en el rubro miner\u00eda<\/li><li>Consulta web\u00a0de OP recepcionadas o en viaje<\/li><li>Acceso a CRM\u00a0para seguimiento de gesti\u00f3n e instrucciones operativas<\/li><li>Rendici\u00f3n digitalizada de comprobantes<\/li><li>Preparaci\u00f3n de pedidos o packaging<\/li><li>Gesti\u00f3n de compras especiales para emergencias operativas<\/li><li>Ejecutivo de cuenta exclusivo para la operaci\u00f3n en las cabeceras operativas origen &#8211; destino.<\/li><\/ul>\t\t\t\t\t\t<\/div>\n\t\t\t\t<\/div>\n\t\t\t\t<div class=\"elementor-element elementor-element-5e025e8 elementor-widget elementor-widget-spacer\" data-id=\"5e025e8\" data-element_type=\"widget\" data-widget_type=\"spacer.default\">\n\t\t\t\t<div class=\"elementor-widget-container\">\n\t\t\t\t\t<div class=\"elementor-spacer\">\n\t\t\t<div class=\"elementor-spacer-inner\"><\/div>\n\t\t<\/div>\n\t\t\t\t<\/div>\n\t\t\t\t<\/div>\n\t\t\t\t<div class=\"elementor-element elementor-element-cd289e9 elementor-widget elementor-widget-spacer\" data-id=\"cd289e9\" data-element_type=\"widget\" data-widget_type=\"spacer.default\">\n\t\t\t\t<div class=\"elementor-widget-container\">\n\t\t\t\t\t<div class=\"elementor-spacer\">\n\t\t\t<div class=\"elementor-spacer-inner\"><\/div>\n\t\t<\/div>\n\t\t\t\t<\/div>\n\t\t\t\t<\/div>\n\t\t\t\t\t<\/div>\n\t\t<\/div>\n\t\t\t\t\t<\/div>\n\t\t<\/section>\n\t\t\t\t<\/div>\n\t\t","protected":false},"excerpt":{"rendered":"<p>Contamos con la tecnolog\u00eda y la infraestructura necesaria para abastecer los suministros que, las empresas mineras de cualquier punto de la Patagonia, necesitan para sus operaciones.<\/p>\n","protected":false},"author":1,"featured_media":0,"parent":0,"menu_order":0,"comment_status":"closed","ping_status":"closed","template":"templates\/page-builder-content.php","meta":{"footnotes":""},"class_list":["post-673","page","type-page","status-publish","hentry"],"yoast_head":"<!-- This site is optimized with the Yoast SEO plugin v21.7 - https:\/\/yoast.com\/wordpress\/plugins\/seo\/ -->\n<title>Miner\u00eda - Expreso Oro Negro - Vamos a toda la patagonia<\/title>\n<meta name=\"robots\" content=\"noindex, follow, max-snippet:-1, max-image-preview:large, max-video-preview:-1\" \/>\n<meta property=\"og:locale\" content=\"es_ES\" \/>\n<meta property=\"og:type\" content=\"article\" \/>\n<meta property=\"og:title\" content=\"Miner\u00eda - Expreso Oro Negro - Vamos a toda la patagonia\" \/>\n<meta property=\"og:description\" content=\"Contamos con la tecnolog\u00eda y la infraestructura necesaria para abastecer los suministros que, las empresas mineras de cualquier punto de la Patagonia, necesitan para sus operaciones.\" \/>\n<meta property=\"og:url\" content=\"https:\/\/www.expresooronegro.com\/mineria\/\" \/>\n<meta property=\"og:site_name\" content=\"Expreso Oro Negro - Vamos a toda la patagonia\" \/>\n<meta property=\"article:modified_time\" content=\"2026-04-24T15:44:52+00:00\" \/>\n<meta property=\"og:image\" content=\"https:\/\/www.expresooronegro.com\/wp-content\/uploads\/2025\/08\/mineria-425x425.jpg\" \/>\n<meta name=\"twitter:card\" content=\"summary_large_image\" \/>\n<meta name=\"twitter:label1\" content=\"Tiempo de lectura\" \/>\n\t<meta name=\"twitter:data1\" content=\"2 minutos\" \/>\n<script type=\"application\/ld+json\" class=\"yoast-schema-graph\">{\"@context\":\"https:\/\/schema.org\",\"@graph\":[{\"@type\":\"WebPage\",\"@id\":\"https:\/\/www.expresooronegro.com\/mineria\/\",\"url\":\"https:\/\/www.expresooronegro.com\/mineria\/\",\"name\":\"Miner\u00eda - Expreso Oro Negro - Vamos a toda la patagonia\",\"isPartOf\":{\"@id\":\"https:\/\/www.expresooronegro.com\/#website\"},\"datePublished\":\"2022-11-25T19:22:32+00:00\",\"dateModified\":\"2026-04-24T15:44:52+00:00\",\"breadcrumb\":{\"@id\":\"https:\/\/www.expresooronegro.com\/mineria\/#breadcrumb\"},\"inLanguage\":\"es\",\"potentialAction\":[{\"@type\":\"ReadAction\",\"target\":[\"https:\/\/www.expresooronegro.com\/mineria\/\"]}]},{\"@type\":\"BreadcrumbList\",\"@id\":\"https:\/\/www.expresooronegro.com\/mineria\/#breadcrumb\",\"itemListElement\":[{\"@type\":\"ListItem\",\"position\":1,\"name\":\"Portada\",\"item\":\"https:\/\/www.expresooronegro.com\/\"},{\"@type\":\"ListItem\",\"position\":2,\"name\":\"Miner\u00eda\"}]},{\"@type\":\"WebSite\",\"@id\":\"https:\/\/www.expresooronegro.com\/#website\",\"url\":\"https:\/\/www.expresooronegro.com\/\",\"name\":\"Expreso Oro Negro - Vamos a toda la patagonia\",\"description\":\"Somos la empresa l\u00edder para el transporte de carga a la Patagonia\",\"publisher\":{\"@id\":\"https:\/\/www.expresooronegro.com\/#organization\"},\"potentialAction\":[{\"@type\":\"SearchAction\",\"target\":{\"@type\":\"EntryPoint\",\"urlTemplate\":\"https:\/\/www.expresooronegro.com\/?s={search_term_string}\"},\"query-input\":\"required name=search_term_string\"}],\"inLanguage\":\"es\"},{\"@type\":\"Organization\",\"@id\":\"https:\/\/www.expresooronegro.com\/#organization\",\"name\":\"Expreso Oro Negro\",\"url\":\"https:\/\/www.expresooronegro.com\/\",\"logo\":{\"@type\":\"ImageObject\",\"inLanguage\":\"es\",\"@id\":\"https:\/\/www.expresooronegro.com\/#\/schema\/logo\/image\/\",\"url\":\"https:\/\/www.expresooronegro.com\/excelsior\/wp-content\/uploads\/2021\/11\/logo-expreso-oro-negro-blanco-1.png\",\"contentUrl\":\"https:\/\/www.expresooronegro.com\/excelsior\/wp-content\/uploads\/2021\/11\/logo-expreso-oro-negro-blanco-1.png\",\"width\":250,\"height\":57,\"caption\":\"Expreso Oro Negro\"},\"image\":{\"@id\":\"https:\/\/www.expresooronegro.com\/#\/schema\/logo\/image\/\"}}]}<\/script>\n<!-- \/ Yoast SEO plugin. -->","yoast_head_json":{"title":"Miner\u00eda - Expreso Oro Negro - Vamos a toda la patagonia","robots":{"index":"noindex","follow":"follow","max-snippet":"max-snippet:-1","max-image-preview":"max-image-preview:large","max-video-preview":"max-video-preview:-1"},"og_locale":"es_ES","og_type":"article","og_title":"Miner\u00eda - Expreso Oro Negro - Vamos a toda la patagonia","og_description":"Contamos con la tecnolog\u00eda y la infraestructura necesaria para abastecer los suministros que, las empresas mineras de cualquier punto de la Patagonia, necesitan para sus operaciones.","og_url":"https:\/\/www.expresooronegro.com\/mineria\/","og_site_name":"Expreso Oro Negro - Vamos a toda la patagonia","article_modified_time":"2026-04-24T15:44:52+00:00","og_image":[{"url":"https:\/\/www.expresooronegro.com\/wp-content\/uploads\/2025\/08\/mineria-425x425.jpg"}],"twitter_card":"summary_large_image","twitter_misc":{"Tiempo de lectura":"2 minutos"},"schema":{"@context":"https:\/\/schema.org","@graph":[{"@type":"WebPage","@id":"https:\/\/www.expresooronegro.com\/mineria\/","url":"https:\/\/www.expresooronegro.com\/mineria\/","name":"Miner\u00eda - Expreso Oro Negro - Vamos a toda la patagonia","isPartOf":{"@id":"https:\/\/www.expresooronegro.com\/#website"},"datePublished":"2022-11-25T19:22:32+00:00","dateModified":"2026-04-24T15:44:52+00:00","breadcrumb":{"@id":"https:\/\/www.expresooronegro.com\/mineria\/#breadcrumb"},"inLanguage":"es","potentialAction":[{"@type":"ReadAction","target":["https:\/\/www.expresooronegro.com\/mineria\/"]}]},{"@type":"BreadcrumbList","@id":"https:\/\/www.expresooronegro.com\/mineria\/#breadcrumb","itemListElement":[{"@type":"ListItem","position":1,"name":"Portada","item":"https:\/\/www.expresooronegro.com\/"},{"@type":"ListItem","position":2,"name":"Miner\u00eda"}]},{"@type":"WebSite","@id":"https:\/\/www.expresooronegro.com\/#website","url":"https:\/\/www.expresooronegro.com\/","name":"Expreso Oro Negro - Vamos a toda la patagonia","description":"Somos la empresa l\u00edder para el transporte de carga a la Patagonia","publisher":{"@id":"https:\/\/www.expresooronegro.com\/#organization"},"potentialAction":[{"@type":"SearchAction","target":{"@type":"EntryPoint","urlTemplate":"https:\/\/www.expresooronegro.com\/?s={search_term_string}"},"query-input":"required name=search_term_string"}],"inLanguage":"es"},{"@type":"Organization","@id":"https:\/\/www.expresooronegro.com\/#organization","name":"Expreso Oro Negro","url":"https:\/\/www.expresooronegro.com\/","logo":{"@type":"ImageObject","inLanguage":"es","@id":"https:\/\/www.expresooronegro.com\/#\/schema\/logo\/image\/","url":"https:\/\/www.expresooronegro.com\/excelsior\/wp-content\/uploads\/2021\/11\/logo-expreso-oro-negro-blanco-1.png","contentUrl":"https:\/\/www.expresooronegro.com\/excelsior\/wp-content\/uploads\/2021\/11\/logo-expreso-oro-negro-blanco-1.png","width":250,"height":57,"caption":"Expreso Oro Negro"},"image":{"@id":"https:\/\/www.expresooronegro.com\/#\/schema\/logo\/image\/"}}]}},"_links":{"self":[{"href":"https:\/\/www.expresooronegro.com\/excelsior\/wp-json\/wp\/v2\/pages\/673","targetHints":{"allow":["GET"]}}],"collection":[{"href":"https:\/\/www.expresooronegro.com\/excelsior\/wp-json\/wp\/v2\/pages"}],"about":[{"href":"https:\/\/www.expresooronegro.com\/excelsior\/wp-json\/wp\/v2\/types\/page"}],"author":[{"embeddable":true,"href":"https:\/\/www.expresooronegro.com\/excelsior\/wp-json\/wp\/v2\/users\/1"}],"replies":[{"embeddable":true,"href":"https:\/\/www.expresooronegro.com\/excelsior\/wp-json\/wp\/v2\/comments?post=673"}],"version-history":[{"count":30,"href":"https:\/\/www.expresooronegro.com\/excelsior\/wp-json\/wp\/v2\/pages\/673\/revisions"}],"predecessor-version":[{"id":1341,"href":"https:\/\/www.expresooronegro.com\/excelsior\/wp-json\/wp\/v2\/pages\/673\/revisions\/1341"}],"wp:attachment":[{"href":"https:\/\/www.expresooronegro.com\/excelsior\/wp-json\/wp\/v2\/media?parent=673"}],"curies":[{"name":"wp","href":"https:\/\/api.w.org\/{rel}","templated":true}]}}