{"id":643,"date":"2022-11-25T12:28:36","date_gmt":"2022-11-25T12:28:36","guid":{"rendered":"https:\/\/www.expresooronegro.com\/?page_id=643"},"modified":"2026-04-24T12:43:52","modified_gmt":"2026-04-24T15:43:52","slug":"cargas-generales-2","status":"publish","type":"page","link":"https:\/\/www.expresooronegro.com\/excelsior\/cargas-generales-2\/","title":{"rendered":"Refrigerados y Congelados"},"content":{"rendered":"\t\t<div data-elementor-type=\"wp-page\" data-elementor-id=\"643\" class=\"elementor elementor-643\" data-elementor-post-type=\"page\">\n\t\t\t\t\t\t<section class=\"elementor-section elementor-top-section elementor-element elementor-element-67e4789 elementor-reverse-mobile elementor-section-boxed elementor-section-height-default elementor-section-height-default\" data-id=\"67e4789\" data-element_type=\"section\" data-settings=\"{&quot;background_background&quot;:&quot;classic&quot;}\">\n\t\t\t\t\t\t<div class=\"elementor-container elementor-column-gap-no\">\n\t\t\t\t\t<div class=\"aux-parallax-section elementor-column elementor-col-50 elementor-top-column elementor-element elementor-element-e3d09c9 left-column\" data-id=\"e3d09c9\" data-element_type=\"column\">\n\t\t\t<div class=\"elementor-widget-wrap elementor-element-populated\">\n\t\t\t\t\t\t<section class=\"elementor-section elementor-inner-section elementor-element elementor-element-eb3e550 elementor-section-boxed elementor-section-height-default elementor-section-height-default\" data-id=\"eb3e550\" data-element_type=\"section\">\n\t\t\t\t\t\t<div class=\"elementor-container elementor-column-gap-no\">\n\t\t\t\t\t<div class=\"aux-parallax-section elementor-column elementor-col-100 elementor-inner-column elementor-element elementor-element-3f7cc22\" data-id=\"3f7cc22\" data-element_type=\"column\">\n\t\t\t<div class=\"elementor-widget-wrap elementor-element-populated\">\n\t\t\t\t\t\t<div class=\"elementor-element elementor-element-cf5dfe6 elementor-widget__width-auto elementor-widget-divider--view-line elementor-widget elementor-widget-divider\" data-id=\"cf5dfe6\" data-element_type=\"widget\" data-widget_type=\"divider.default\">\n\t\t\t\t<div class=\"elementor-widget-container\">\n\t\t\t\t\t<div class=\"elementor-divider\">\n\t\t\t<span class=\"elementor-divider-separator\">\n\t\t\t\t\t\t<\/span>\n\t\t<\/div>\n\t\t\t\t<\/div>\n\t\t\t\t<\/div>\n\t\t\t\t<div class=\"elementor-element elementor-element-7680ac4 elementor-widget__width-auto aux-appear-watch-animation aux-fade-in elementor-widget elementor-widget-heading\" data-id=\"7680ac4\" data-element_type=\"widget\" data-widget_type=\"heading.default\">\n\t\t\t\t<div class=\"elementor-widget-container\">\n\t\t\t<p class=\"elementor-heading-title elementor-size-default\">Servicios<\/p>\t\t<\/div>\n\t\t\t\t<\/div>\n\t\t\t\t\t<\/div>\n\t\t<\/div>\n\t\t\t\t\t<\/div>\n\t\t<\/section>\n\t\t\t\t<div class=\"elementor-element elementor-element-bf39e2f aux-appear-watch-animation aux-fade-in-up-1 elementor-widget elementor-widget-aux_modern_heading\" data-id=\"bf39e2f\" data-element_type=\"widget\" data-widget_type=\"aux_modern_heading.default\">\n\t\t\t\t<div class=\"elementor-widget-container\">\n\t\t\t<section class=\"aux-widget-modern-heading\">\n            <div class=\"aux-widget-inner\"><a href=\"https:\/\/www.expresooronegro.com\/excelsior\/portfolio\/branding-nice-studio\/\" class=\"aux-modern-heading-primary-link\"><h2 class=\"aux-modern-heading-primary\">Refrigerados y Congelados<\/h2><\/a><div class=\"aux-modern-heading-description\"><p>Contamos con una divisi\u00f3n independiente para la operaci\u00f3n, transporte y distribuci\u00f3n de productos refrigerados y s\u00faper congelados. Cada una de nuestras plantas operativas, est\u00e1n equipadas con c\u00e1maras para productos refrigerados o congelados con alarma de seguimiento de temperaturas.<\/p><p>Llegamos en tiempo y forma a cualquier punto de la Patagonia con productos perecederos.<\/p><\/div><\/div>\n        <\/section>\t\t<\/div>\n\t\t\t\t<\/div>\n\t\t\t\t\t<\/div>\n\t\t<\/div>\n\t\t\t\t<div class=\"aux-parallax-section elementor-column elementor-col-50 elementor-top-column elementor-element elementor-element-da04164 right-column aux-appear-watch-animation aux-fade-in\" data-id=\"da04164\" data-element_type=\"column\" data-settings=\"{&quot;background_background&quot;:&quot;classic&quot;}\">\n\t\t\t<div class=\"elementor-widget-wrap elementor-element-populated\">\n\t\t\t\t\t\t<div class=\"elementor-element elementor-element-2be28e5 elementor-widget__width-auto icon-portfolio elementor-view-default elementor-widget elementor-widget-icon\" data-id=\"2be28e5\" data-element_type=\"widget\" data-widget_type=\"icon.default\">\n\t\t\t\t<div class=\"elementor-widget-container\">\n\t\t\t\t\t<div class=\"elementor-icon-wrapper\">\n\t\t\t<a class=\"elementor-icon\" href=\"\/demos\/freelancer\/portfolio\/branding-nice-studio\/\">\n\t\t\t<svg xmlns=\"http:\/\/www.w3.org\/2000\/svg\" width=\"725.221\" height=\"627.133\" viewBox=\"0 0 725.221 627.133\"><rect id=\"_0d30a061-2dae-4920-9275-da62c26ef3e5\" data-name=\"0d30a061-2dae-4920-9275-da62c26ef3e5\" width=\"650\" height=\"532\" rx=\"45\" transform=\"translate(0 101.682) rotate(-9)\" fill=\"#fff\" opacity=\"0.1\"><\/rect><\/svg>\t\t\t<\/a>\n\t\t<\/div>\n\t\t\t\t<\/div>\n\t\t\t\t<\/div>\n\t\t\t\t<div class=\"elementor-element elementor-element-aa3c1f3 aux-appear-watch-animation aux-rotate-in elementor-widget elementor-widget-aux_image\" data-id=\"aa3c1f3\" data-element_type=\"widget\" data-widget_type=\"aux_image.default\">\n\t\t\t\t<div class=\"elementor-widget-container\">\n\t\t\t<section class=\"widget-container aux-widget-image aux-alignnone aux-parent-au720951b1\">\n    <div class=\"aux-media-hint-frame \">\n        <div class=\"aux-media-image aux-hover-active\" >\n                    <a class=\"\" href=\"https:\/\/www.expresooronegro.com\/excelsior\/portfolio\/branding-nice-studio\/\" data-elementor-open-lightbox=\"no\" data-original-width=\"800\" data-original-height=\"533\" data-caption=\"Refrigerados\" target=\"_self\"  >\n        \n            \n\n            \n            <img decoding=\"async\" src=\"https:\/\/www.expresooronegro.com\/excelsior\/wp-content\/uploads\/2025\/09\/Refrigerados-1024x1024.jpg\" alt=\"Refrigerados\" \/>            \n                    <\/a>\n                <\/div>\n    <\/div>\n\n<\/section><!-- widget-container -->\t\t<\/div>\n\t\t\t\t<\/div>\n\t\t\t\t\t<\/div>\n\t\t<\/div>\n\t\t\t\t\t<\/div>\n\t\t<\/section>\n\t\t\t\t<section class=\"elementor-section elementor-top-section elementor-element elementor-element-c606402 elementor-section-height-min-height elementor-section-boxed elementor-section-height-default elementor-section-items-middle\" data-id=\"c606402\" data-element_type=\"section\" data-settings=\"{&quot;background_background&quot;:&quot;gradient&quot;}\">\n\t\t\t\t\t\t<div class=\"elementor-container elementor-column-gap-no\">\n\t\t\t\t\t<div class=\"aux-parallax-section elementor-column elementor-col-100 elementor-top-column elementor-element elementor-element-d70bea4\" data-id=\"d70bea4\" data-element_type=\"column\">\n\t\t\t<div class=\"elementor-widget-wrap elementor-element-populated\">\n\t\t\t\t\t\t<div class=\"elementor-element elementor-element-dc8f39d elementor-widget elementor-widget-spacer\" data-id=\"dc8f39d\" data-element_type=\"widget\" data-widget_type=\"spacer.default\">\n\t\t\t\t<div class=\"elementor-widget-container\">\n\t\t\t\t\t<div class=\"elementor-spacer\">\n\t\t\t<div class=\"elementor-spacer-inner\"><\/div>\n\t\t<\/div>\n\t\t\t\t<\/div>\n\t\t\t\t<\/div>\n\t\t\t\t<div class=\"elementor-element elementor-element-451e0b7 elementor-widget elementor-widget-text-editor\" data-id=\"451e0b7\" data-element_type=\"widget\" data-widget_type=\"text-editor.default\">\n\t\t\t\t<div class=\"elementor-widget-container\">\n\t\t\t\t\t\t\t<ul><li>Env\u00edos parciales\u00a0a toda la Patagonia<\/li><li>Cargas completas\u00a0a la patagonia y resto del pa\u00eds<\/li><li>Retiros\u00a0de cargas completas y Cross-docking<\/li><li>Reporte\u00a0autom\u00e1tico de entregas v\u00eda E Mail<\/li><li>Seguimiento\u00a0de env\u00edos por la Web<\/li><li>Rendici\u00f3n de\u00a0conformes digitalizados\u00a0desde cada destino<\/li><li>Cobranza y \u00a0rendici\u00f3n de\u00a0contra reembolsos\u00a0con la mayor seguridad e inmediatez<\/li><li>Re-entregas\u00a0de pedidos rechazados<\/li><li>Unidades de \u00faltima generaci\u00f3n con\u00a0monitoreo On Line de temperaturas<\/li><li>Sucursales propias equipadas con\u00a0c\u00e1maras de refrigerados y congelados<\/li><li>Consulte sobre\u00a0viajes completos\u00a0a Chile y Brasil<\/li><\/ul>\t\t\t\t\t\t<\/div>\n\t\t\t\t<\/div>\n\t\t\t\t<div class=\"elementor-element elementor-element-5e025e8 elementor-widget elementor-widget-spacer\" data-id=\"5e025e8\" data-element_type=\"widget\" data-widget_type=\"spacer.default\">\n\t\t\t\t<div class=\"elementor-widget-container\">\n\t\t\t\t\t<div class=\"elementor-spacer\">\n\t\t\t<div class=\"elementor-spacer-inner\"><\/div>\n\t\t<\/div>\n\t\t\t\t<\/div>\n\t\t\t\t<\/div>\n\t\t\t\t<div class=\"elementor-element elementor-element-2e905b6 elementor-widget elementor-widget-heading\" data-id=\"2e905b6\" data-element_type=\"widget\" data-widget_type=\"heading.default\">\n\t\t\t\t<div class=\"elementor-widget-container\">\n\t\t\t<h2 class=\"elementor-heading-title elementor-size-default\">Tipos de Carga<\/h2>\t\t<\/div>\n\t\t\t\t<\/div>\n\t\t\t\t<div class=\"elementor-element elementor-element-cd289e9 elementor-widget elementor-widget-spacer\" data-id=\"cd289e9\" data-element_type=\"widget\" data-widget_type=\"spacer.default\">\n\t\t\t\t<div class=\"elementor-widget-container\">\n\t\t\t\t\t<div class=\"elementor-spacer\">\n\t\t\t<div class=\"elementor-spacer-inner\"><\/div>\n\t\t<\/div>\n\t\t\t\t<\/div>\n\t\t\t\t<\/div>\n\t\t\t\t<section class=\"elementor-section elementor-inner-section elementor-element elementor-element-eb6bba4 elementor-section-boxed elementor-section-height-default elementor-section-height-default\" data-id=\"eb6bba4\" data-element_type=\"section\">\n\t\t\t\t\t\t<div class=\"elementor-container elementor-column-gap-default\">\n\t\t\t\t\t<div class=\"aux-parallax-section elementor-column elementor-col-33 elementor-inner-column elementor-element elementor-element-5e8f78f\" data-id=\"5e8f78f\" data-element_type=\"column\" data-settings=\"{&quot;background_background&quot;:&quot;classic&quot;}\">\n\t\t\t<div class=\"elementor-widget-wrap elementor-element-populated\">\n\t\t\t\t\t\t<div class=\"elementor-element elementor-element-21d794b elementor-widget elementor-widget-text-editor\" data-id=\"21d794b\" data-element_type=\"widget\" data-widget_type=\"text-editor.default\">\n\t\t\t\t<div class=\"elementor-widget-container\">\n\t\t\t\t\t\t\t<p style=\"text-align: center;\"><span style=\"color: #ff0000;\">Carnes<\/span><\/p>\t\t\t\t\t\t<\/div>\n\t\t\t\t<\/div>\n\t\t\t\t\t<\/div>\n\t\t<\/div>\n\t\t\t\t<div class=\"aux-parallax-section elementor-column elementor-col-33 elementor-inner-column elementor-element elementor-element-6f2ee93\" data-id=\"6f2ee93\" data-element_type=\"column\" data-settings=\"{&quot;background_background&quot;:&quot;classic&quot;}\">\n\t\t\t<div class=\"elementor-widget-wrap elementor-element-populated\">\n\t\t\t\t\t\t<div class=\"elementor-element elementor-element-ae64a90 elementor-widget elementor-widget-text-editor\" data-id=\"ae64a90\" data-element_type=\"widget\" data-widget_type=\"text-editor.default\">\n\t\t\t\t<div class=\"elementor-widget-container\">\n\t\t\t\t\t\t\t<p style=\"text-align: center;\"><span style=\"color: #ff0000;\">Frutas<\/span><\/p>\t\t\t\t\t\t<\/div>\n\t\t\t\t<\/div>\n\t\t\t\t\t<\/div>\n\t\t<\/div>\n\t\t\t\t<div class=\"aux-parallax-section elementor-column elementor-col-33 elementor-inner-column elementor-element elementor-element-1fd7058\" data-id=\"1fd7058\" data-element_type=\"column\" data-settings=\"{&quot;background_background&quot;:&quot;classic&quot;}\">\n\t\t\t<div class=\"elementor-widget-wrap elementor-element-populated\">\n\t\t\t\t\t\t<div class=\"elementor-element elementor-element-51e924f elementor-widget elementor-widget-text-editor\" data-id=\"51e924f\" data-element_type=\"widget\" data-widget_type=\"text-editor.default\">\n\t\t\t\t<div class=\"elementor-widget-container\">\n\t\t\t\t\t\t\t<p style=\"text-align: center;\"><span style=\"color: #ff0000;\">Verduras<\/span><\/p>\t\t\t\t\t\t<\/div>\n\t\t\t\t<\/div>\n\t\t\t\t\t<\/div>\n\t\t<\/div>\n\t\t\t\t\t<\/div>\n\t\t<\/section>\n\t\t\t\t<section class=\"elementor-section elementor-inner-section elementor-element elementor-element-ab967f7 elementor-section-boxed elementor-section-height-default elementor-section-height-default\" data-id=\"ab967f7\" data-element_type=\"section\">\n\t\t\t\t\t\t<div class=\"elementor-container elementor-column-gap-default\">\n\t\t\t\t\t<div class=\"aux-parallax-section elementor-column elementor-col-33 elementor-inner-column elementor-element elementor-element-6a9d3a4\" data-id=\"6a9d3a4\" data-element_type=\"column\" data-settings=\"{&quot;background_background&quot;:&quot;classic&quot;}\">\n\t\t\t<div class=\"elementor-widget-wrap elementor-element-populated\">\n\t\t\t\t\t\t<div class=\"elementor-element elementor-element-f04c251 elementor-widget elementor-widget-text-editor\" data-id=\"f04c251\" data-element_type=\"widget\" data-widget_type=\"text-editor.default\">\n\t\t\t\t<div class=\"elementor-widget-container\">\n\t\t\t\t\t\t\t<p style=\"text-align: center;\"><span style=\"color: #ff0000;\">L\u00e1cteos<\/span><\/p>\t\t\t\t\t\t<\/div>\n\t\t\t\t<\/div>\n\t\t\t\t\t<\/div>\n\t\t<\/div>\n\t\t\t\t<div class=\"aux-parallax-section elementor-column elementor-col-33 elementor-inner-column elementor-element elementor-element-654905a\" data-id=\"654905a\" data-element_type=\"column\" data-settings=\"{&quot;background_background&quot;:&quot;classic&quot;}\">\n\t\t\t<div class=\"elementor-widget-wrap elementor-element-populated\">\n\t\t\t\t\t\t<div class=\"elementor-element elementor-element-fee3a5a elementor-widget elementor-widget-text-editor\" data-id=\"fee3a5a\" data-element_type=\"widget\" data-widget_type=\"text-editor.default\">\n\t\t\t\t<div class=\"elementor-widget-container\">\n\t\t\t\t\t\t\t<p style=\"text-align: center;\"><span style=\"color: #ff0000;\">Alimentos congelados<\/span><\/p>\t\t\t\t\t\t<\/div>\n\t\t\t\t<\/div>\n\t\t\t\t\t<\/div>\n\t\t<\/div>\n\t\t\t\t<div class=\"aux-parallax-section elementor-column elementor-col-33 elementor-inner-column elementor-element elementor-element-bead594\" data-id=\"bead594\" data-element_type=\"column\" data-settings=\"{&quot;background_background&quot;:&quot;classic&quot;}\">\n\t\t\t<div class=\"elementor-widget-wrap elementor-element-populated\">\n\t\t\t\t\t\t<div class=\"elementor-element elementor-element-68082df elementor-widget elementor-widget-text-editor\" data-id=\"68082df\" data-element_type=\"widget\" data-widget_type=\"text-editor.default\">\n\t\t\t\t<div class=\"elementor-widget-container\">\n\t\t\t\t\t\t\t<p style=\"text-align: center;\"><span style=\"color: #ff0000;\">Alimentos s\u00faper congelados<\/span><\/p>\t\t\t\t\t\t<\/div>\n\t\t\t\t<\/div>\n\t\t\t\t\t<\/div>\n\t\t<\/div>\n\t\t\t\t\t<\/div>\n\t\t<\/section>\n\t\t\t\t<section class=\"elementor-section elementor-inner-section elementor-element elementor-element-96a512c elementor-section-boxed elementor-section-height-default elementor-section-height-default\" data-id=\"96a512c\" data-element_type=\"section\">\n\t\t\t\t\t\t<div class=\"elementor-container elementor-column-gap-default\">\n\t\t\t\t\t<div class=\"aux-parallax-section elementor-column elementor-col-33 elementor-inner-column elementor-element elementor-element-8d3eab4\" data-id=\"8d3eab4\" data-element_type=\"column\" data-settings=\"{&quot;background_background&quot;:&quot;classic&quot;}\">\n\t\t\t<div class=\"elementor-widget-wrap elementor-element-populated\">\n\t\t\t\t\t\t<div class=\"elementor-element elementor-element-95ff3a3 elementor-widget elementor-widget-text-editor\" data-id=\"95ff3a3\" data-element_type=\"widget\" data-widget_type=\"text-editor.default\">\n\t\t\t\t<div class=\"elementor-widget-container\">\n\t\t\t\t\t\t\t<p style=\"text-align: center;\"><span style=\"color: #ff0000;\">Fiambres<\/span><\/p>\t\t\t\t\t\t<\/div>\n\t\t\t\t<\/div>\n\t\t\t\t\t<\/div>\n\t\t<\/div>\n\t\t\t\t<div class=\"aux-parallax-section elementor-column elementor-col-33 elementor-inner-column elementor-element elementor-element-748c86f\" data-id=\"748c86f\" data-element_type=\"column\" data-settings=\"{&quot;background_background&quot;:&quot;classic&quot;}\">\n\t\t\t<div class=\"elementor-widget-wrap elementor-element-populated\">\n\t\t\t\t\t\t<div class=\"elementor-element elementor-element-f9321a6 elementor-widget elementor-widget-text-editor\" data-id=\"f9321a6\" data-element_type=\"widget\" data-widget_type=\"text-editor.default\">\n\t\t\t\t<div class=\"elementor-widget-container\">\n\t\t\t\t\t\t\t<p style=\"text-align: center;\"><span style=\"color: #ff0000;\">Quesos<\/span><\/p>\t\t\t\t\t\t<\/div>\n\t\t\t\t<\/div>\n\t\t\t\t\t<\/div>\n\t\t<\/div>\n\t\t\t\t<div class=\"aux-parallax-section elementor-column elementor-col-33 elementor-inner-column elementor-element elementor-element-1a028b3\" data-id=\"1a028b3\" data-element_type=\"column\" data-settings=\"{&quot;background_background&quot;:&quot;classic&quot;}\">\n\t\t\t<div class=\"elementor-widget-wrap elementor-element-populated\">\n\t\t\t\t\t\t<div class=\"elementor-element elementor-element-70e7bb1 elementor-widget elementor-widget-text-editor\" data-id=\"70e7bb1\" data-element_type=\"widget\" data-widget_type=\"text-editor.default\">\n\t\t\t\t<div class=\"elementor-widget-container\">\n\t\t\t\t\t\t\t<p style=\"text-align: center;\"><span style=\"color: #ff0000;\">Pollos<br \/><\/span><\/p>\t\t\t\t\t\t<\/div>\n\t\t\t\t<\/div>\n\t\t\t\t\t<\/div>\n\t\t<\/div>\n\t\t\t\t\t<\/div>\n\t\t<\/section>\n\t\t\t\t\t<\/div>\n\t\t<\/div>\n\t\t\t\t\t<\/div>\n\t\t<\/section>\n\t\t\t\t<\/div>\n\t\t","protected":false},"excerpt":{"rendered":"<p>Estamos en toda la Patagonia. Con un solo proveedor, cubre todas sus necesidades log\u00edsticas.<\/p>\n","protected":false},"author":1,"featured_media":0,"parent":0,"menu_order":0,"comment_status":"closed","ping_status":"closed","template":"templates\/page-builder-content.php","meta":{"footnotes":""},"class_list":["post-643","page","type-page","status-publish","hentry"],"yoast_head":"<!-- This site is optimized with the Yoast SEO plugin v21.7 - https:\/\/yoast.com\/wordpress\/plugins\/seo\/ -->\n<title>Refrigerados y Congelados - Expreso Oro Negro - Vamos a toda la patagonia<\/title>\n<meta name=\"robots\" content=\"noindex, follow, max-snippet:-1, max-image-preview:large, max-video-preview:-1\" \/>\n<meta property=\"og:locale\" content=\"es_ES\" \/>\n<meta property=\"og:type\" content=\"article\" \/>\n<meta property=\"og:title\" content=\"Refrigerados y Congelados - Expreso Oro Negro - Vamos a toda la patagonia\" \/>\n<meta property=\"og:description\" content=\"Estamos en toda la Patagonia. Con un solo proveedor, cubre todas sus necesidades log\u00edsticas.\" \/>\n<meta property=\"og:url\" content=\"https:\/\/www.expresooronegro.com\/cargas-generales-2\/\" \/>\n<meta property=\"og:site_name\" content=\"Expreso Oro Negro - Vamos a toda la patagonia\" \/>\n<meta property=\"article:modified_time\" content=\"2026-04-24T15:43:52+00:00\" \/>\n<meta property=\"og:image\" content=\"https:\/\/www.expresooronegro.com\/wp-content\/uploads\/2025\/09\/Refrigerados-1024x1024.jpg\" \/>\n<meta name=\"twitter:card\" content=\"summary_large_image\" \/>\n<meta name=\"twitter:label1\" content=\"Tiempo de lectura\" \/>\n\t<meta name=\"twitter:data1\" content=\"1 minuto\" \/>\n<script type=\"application\/ld+json\" class=\"yoast-schema-graph\">{\"@context\":\"https:\/\/schema.org\",\"@graph\":[{\"@type\":\"WebPage\",\"@id\":\"https:\/\/www.expresooronegro.com\/cargas-generales-2\/\",\"url\":\"https:\/\/www.expresooronegro.com\/cargas-generales-2\/\",\"name\":\"Refrigerados y Congelados - Expreso Oro Negro - Vamos a toda la patagonia\",\"isPartOf\":{\"@id\":\"https:\/\/www.expresooronegro.com\/#website\"},\"datePublished\":\"2022-11-25T12:28:36+00:00\",\"dateModified\":\"2026-04-24T15:43:52+00:00\",\"breadcrumb\":{\"@id\":\"https:\/\/www.expresooronegro.com\/cargas-generales-2\/#breadcrumb\"},\"inLanguage\":\"es\",\"potentialAction\":[{\"@type\":\"ReadAction\",\"target\":[\"https:\/\/www.expresooronegro.com\/cargas-generales-2\/\"]}]},{\"@type\":\"BreadcrumbList\",\"@id\":\"https:\/\/www.expresooronegro.com\/cargas-generales-2\/#breadcrumb\",\"itemListElement\":[{\"@type\":\"ListItem\",\"position\":1,\"name\":\"Portada\",\"item\":\"https:\/\/www.expresooronegro.com\/\"},{\"@type\":\"ListItem\",\"position\":2,\"name\":\"Refrigerados y Congelados\"}]},{\"@type\":\"WebSite\",\"@id\":\"https:\/\/www.expresooronegro.com\/#website\",\"url\":\"https:\/\/www.expresooronegro.com\/\",\"name\":\"Expreso Oro Negro - Vamos a toda la patagonia\",\"description\":\"Somos la empresa l\u00edder para el transporte de carga a la Patagonia\",\"publisher\":{\"@id\":\"https:\/\/www.expresooronegro.com\/#organization\"},\"potentialAction\":[{\"@type\":\"SearchAction\",\"target\":{\"@type\":\"EntryPoint\",\"urlTemplate\":\"https:\/\/www.expresooronegro.com\/?s={search_term_string}\"},\"query-input\":\"required name=search_term_string\"}],\"inLanguage\":\"es\"},{\"@type\":\"Organization\",\"@id\":\"https:\/\/www.expresooronegro.com\/#organization\",\"name\":\"Expreso Oro Negro\",\"url\":\"https:\/\/www.expresooronegro.com\/\",\"logo\":{\"@type\":\"ImageObject\",\"inLanguage\":\"es\",\"@id\":\"https:\/\/www.expresooronegro.com\/#\/schema\/logo\/image\/\",\"url\":\"https:\/\/www.expresooronegro.com\/excelsior\/wp-content\/uploads\/2021\/11\/logo-expreso-oro-negro-blanco-1.png\",\"contentUrl\":\"https:\/\/www.expresooronegro.com\/excelsior\/wp-content\/uploads\/2021\/11\/logo-expreso-oro-negro-blanco-1.png\",\"width\":250,\"height\":57,\"caption\":\"Expreso Oro Negro\"},\"image\":{\"@id\":\"https:\/\/www.expresooronegro.com\/#\/schema\/logo\/image\/\"}}]}<\/script>\n<!-- \/ Yoast SEO plugin. -->","yoast_head_json":{"title":"Refrigerados y Congelados - Expreso Oro Negro - Vamos a toda la patagonia","robots":{"index":"noindex","follow":"follow","max-snippet":"max-snippet:-1","max-image-preview":"max-image-preview:large","max-video-preview":"max-video-preview:-1"},"og_locale":"es_ES","og_type":"article","og_title":"Refrigerados y Congelados - Expreso Oro Negro - Vamos a toda la patagonia","og_description":"Estamos en toda la Patagonia. Con un solo proveedor, cubre todas sus necesidades log\u00edsticas.","og_url":"https:\/\/www.expresooronegro.com\/cargas-generales-2\/","og_site_name":"Expreso Oro Negro - Vamos a toda la patagonia","article_modified_time":"2026-04-24T15:43:52+00:00","og_image":[{"url":"https:\/\/www.expresooronegro.com\/wp-content\/uploads\/2025\/09\/Refrigerados-1024x1024.jpg"}],"twitter_card":"summary_large_image","twitter_misc":{"Tiempo de lectura":"1 minuto"},"schema":{"@context":"https:\/\/schema.org","@graph":[{"@type":"WebPage","@id":"https:\/\/www.expresooronegro.com\/cargas-generales-2\/","url":"https:\/\/www.expresooronegro.com\/cargas-generales-2\/","name":"Refrigerados y Congelados - Expreso Oro Negro - Vamos a toda la patagonia","isPartOf":{"@id":"https:\/\/www.expresooronegro.com\/#website"},"datePublished":"2022-11-25T12:28:36+00:00","dateModified":"2026-04-24T15:43:52+00:00","breadcrumb":{"@id":"https:\/\/www.expresooronegro.com\/cargas-generales-2\/#breadcrumb"},"inLanguage":"es","potentialAction":[{"@type":"ReadAction","target":["https:\/\/www.expresooronegro.com\/cargas-generales-2\/"]}]},{"@type":"BreadcrumbList","@id":"https:\/\/www.expresooronegro.com\/cargas-generales-2\/#breadcrumb","itemListElement":[{"@type":"ListItem","position":1,"name":"Portada","item":"https:\/\/www.expresooronegro.com\/"},{"@type":"ListItem","position":2,"name":"Refrigerados y Congelados"}]},{"@type":"WebSite","@id":"https:\/\/www.expresooronegro.com\/#website","url":"https:\/\/www.expresooronegro.com\/","name":"Expreso Oro Negro - Vamos a toda la patagonia","description":"Somos la empresa l\u00edder para el transporte de carga a la Patagonia","publisher":{"@id":"https:\/\/www.expresooronegro.com\/#organization"},"potentialAction":[{"@type":"SearchAction","target":{"@type":"EntryPoint","urlTemplate":"https:\/\/www.expresooronegro.com\/?s={search_term_string}"},"query-input":"required name=search_term_string"}],"inLanguage":"es"},{"@type":"Organization","@id":"https:\/\/www.expresooronegro.com\/#organization","name":"Expreso Oro Negro","url":"https:\/\/www.expresooronegro.com\/","logo":{"@type":"ImageObject","inLanguage":"es","@id":"https:\/\/www.expresooronegro.com\/#\/schema\/logo\/image\/","url":"https:\/\/www.expresooronegro.com\/excelsior\/wp-content\/uploads\/2021\/11\/logo-expreso-oro-negro-blanco-1.png","contentUrl":"https:\/\/www.expresooronegro.com\/excelsior\/wp-content\/uploads\/2021\/11\/logo-expreso-oro-negro-blanco-1.png","width":250,"height":57,"caption":"Expreso Oro Negro"},"image":{"@id":"https:\/\/www.expresooronegro.com\/#\/schema\/logo\/image\/"}}]}},"_links":{"self":[{"href":"https:\/\/www.expresooronegro.com\/excelsior\/wp-json\/wp\/v2\/pages\/643","targetHints":{"allow":["GET"]}}],"collection":[{"href":"https:\/\/www.expresooronegro.com\/excelsior\/wp-json\/wp\/v2\/pages"}],"about":[{"href":"https:\/\/www.expresooronegro.com\/excelsior\/wp-json\/wp\/v2\/types\/page"}],"author":[{"embeddable":true,"href":"https:\/\/www.expresooronegro.com\/excelsior\/wp-json\/wp\/v2\/users\/1"}],"replies":[{"embeddable":true,"href":"https:\/\/www.expresooronegro.com\/excelsior\/wp-json\/wp\/v2\/comments?post=643"}],"version-history":[{"count":28,"href":"https:\/\/www.expresooronegro.com\/excelsior\/wp-json\/wp\/v2\/pages\/643\/revisions"}],"predecessor-version":[{"id":1338,"href":"https:\/\/www.expresooronegro.com\/excelsior\/wp-json\/wp\/v2\/pages\/643\/revisions\/1338"}],"wp:attachment":[{"href":"https:\/\/www.expresooronegro.com\/excelsior\/wp-json\/wp\/v2\/media?parent=643"}],"curies":[{"name":"wp","href":"https:\/\/api.w.org\/{rel}","templated":true}]}}