{"id":598,"date":"2022-11-15T15:07:05","date_gmt":"2022-11-15T15:07:05","guid":{"rendered":"https:\/\/www.expresooronegro.com\/?page_id=598"},"modified":"2025-09-03T14:30:26","modified_gmt":"2025-09-03T17:30:26","slug":"deseado-express","status":"publish","type":"page","link":"https:\/\/www.expresooronegro.com\/excelsior\/deseado-express\/","title":{"rendered":"Deseado Express"},"content":{"rendered":"\t\t<div data-elementor-type=\"wp-page\" data-elementor-id=\"598\" class=\"elementor elementor-598\" data-elementor-post-type=\"page\">\n\t\t\t\t\t\t<section class=\"elementor-section elementor-top-section elementor-element elementor-element-67e4789 elementor-reverse-mobile elementor-section-boxed elementor-section-height-default elementor-section-height-default\" data-id=\"67e4789\" data-element_type=\"section\" data-settings=\"{&quot;background_background&quot;:&quot;classic&quot;}\">\n\t\t\t\t\t\t<div class=\"elementor-container elementor-column-gap-no\">\n\t\t\t\t\t<div class=\"aux-parallax-section elementor-column elementor-col-50 elementor-top-column elementor-element elementor-element-e3d09c9 left-column\" data-id=\"e3d09c9\" data-element_type=\"column\">\n\t\t\t<div class=\"elementor-widget-wrap elementor-element-populated\">\n\t\t\t\t\t\t<section class=\"elementor-section elementor-inner-section elementor-element elementor-element-eb3e550 elementor-section-boxed elementor-section-height-default elementor-section-height-default\" data-id=\"eb3e550\" data-element_type=\"section\">\n\t\t\t\t\t\t<div class=\"elementor-container elementor-column-gap-no\">\n\t\t\t\t\t<div class=\"aux-parallax-section elementor-column elementor-col-100 elementor-inner-column elementor-element elementor-element-3f7cc22\" data-id=\"3f7cc22\" data-element_type=\"column\">\n\t\t\t<div class=\"elementor-widget-wrap elementor-element-populated\">\n\t\t\t\t\t\t<div class=\"elementor-element elementor-element-cf5dfe6 elementor-widget__width-auto elementor-widget-divider--view-line elementor-widget elementor-widget-divider\" data-id=\"cf5dfe6\" data-element_type=\"widget\" data-widget_type=\"divider.default\">\n\t\t\t\t<div class=\"elementor-widget-container\">\n\t\t\t\t\t<div class=\"elementor-divider\">\n\t\t\t<span class=\"elementor-divider-separator\">\n\t\t\t\t\t\t<\/span>\n\t\t<\/div>\n\t\t\t\t<\/div>\n\t\t\t\t<\/div>\n\t\t\t\t<div class=\"elementor-element elementor-element-7680ac4 elementor-widget__width-auto aux-appear-watch-animation aux-fade-in elementor-widget elementor-widget-heading\" data-id=\"7680ac4\" data-element_type=\"widget\" data-widget_type=\"heading.default\">\n\t\t\t\t<div class=\"elementor-widget-container\">\n\t\t\t<p class=\"elementor-heading-title elementor-size-default\">Servicios<\/p>\t\t<\/div>\n\t\t\t\t<\/div>\n\t\t\t\t\t<\/div>\n\t\t<\/div>\n\t\t\t\t\t<\/div>\n\t\t<\/section>\n\t\t\t\t<div class=\"elementor-element elementor-element-bf39e2f aux-appear-watch-animation aux-fade-in-up-1 elementor-widget elementor-widget-aux_modern_heading\" data-id=\"bf39e2f\" data-element_type=\"widget\" data-widget_type=\"aux_modern_heading.default\">\n\t\t\t\t<div class=\"elementor-widget-container\">\n\t\t\t<section class=\"aux-widget-modern-heading\">\n            <div class=\"aux-widget-inner\"><a href=\"https:\/\/www.expresooronegro.com\/excelsior\/portfolio\/branding-nice-studio\/\" class=\"aux-modern-heading-primary-link\"><h2 class=\"aux-modern-heading-primary\">Deseado Express<\/h2><\/a><div class=\"aux-modern-heading-description\"><p>Deseado Express, empresa de transporte de hidrocarburos, define su Pol\u00edtica de Seguridad Vial basada en el compromiso de conducir sus actividades dando la m\u00e1xima importancia a la protecci\u00f3n de la Salud, la Seguridad del personal y la Seguridad Vial:<\/p><\/div><\/div>\n        <\/section>\t\t<\/div>\n\t\t\t\t<\/div>\n\t\t\t\t<div class=\"elementor-element elementor-element-5cd8c3b aux-appear-watch-animation aux-fade-in-right-1 elementor-widget elementor-widget-aux_modern_button\" data-id=\"5cd8c3b\" data-element_type=\"widget\" data-widget_type=\"aux_modern_button.default\">\n\t\t\t\t<div class=\"elementor-widget-container\">\n\t\t\t    <div class=\"aux-modern-button-wrapper aux-modern-button-align-\" >\n                    <a class=\"aux-modern-button aux-caution aux-modern-button-md aux-modern-button-normal aux-modern-button-default aux-icon-left\">\n                <div class=\"aux-overlay\"><\/div>\n                                    <div class=\"aux-icon \">\n                        <svg xmlns=\"http:\/\/www.w3.org\/2000\/svg\" width=\"18\" height=\"10.998\" viewBox=\"0 0 18 10.998\"><g id=\"right_arrow_-_icon\" data-name=\"right arrow - icon\" transform=\"translate(21 -6.501) rotate(90)\"><path id=\"Path_98\" data-name=\"Path 98\" d=\"M6.59,11.858a.714.714,0,0,0,.627.38h4.066v8.028a.717.717,0,1,0,1.434,0V12.238h4.066a.713.713,0,0,0,.627-.38.748.748,0,0,0-.02-.745l-4.783-7.77a.709.709,0,0,0-1.214,0L6.61,11.113A.754.754,0,0,0,6.59,11.858Z\" fill=\"#fecd1a\"><\/path><\/g><\/svg>                    <\/div>\n                                <div class=\"aux-text\">\n<span class=\"aux-text-before\">Pol\u00edtica:<\/span>                <\/div>\n            <\/a>\n            \n    <\/div>\n\n    \t\t<\/div>\n\t\t\t\t<\/div>\n\t\t\t\t\t<\/div>\n\t\t<\/div>\n\t\t\t\t<div class=\"aux-parallax-section elementor-column elementor-col-50 elementor-top-column elementor-element elementor-element-da04164 right-column aux-appear-watch-animation aux-fade-in\" data-id=\"da04164\" data-element_type=\"column\" data-settings=\"{&quot;background_background&quot;:&quot;classic&quot;}\">\n\t\t\t<div class=\"elementor-widget-wrap elementor-element-populated\">\n\t\t\t\t\t\t<div class=\"elementor-element elementor-element-2be28e5 elementor-widget__width-auto icon-portfolio elementor-view-default elementor-widget elementor-widget-icon\" data-id=\"2be28e5\" data-element_type=\"widget\" data-widget_type=\"icon.default\">\n\t\t\t\t<div class=\"elementor-widget-container\">\n\t\t\t\t\t<div class=\"elementor-icon-wrapper\">\n\t\t\t<a class=\"elementor-icon\" href=\"\/demos\/freelancer\/portfolio\/branding-nice-studio\/\">\n\t\t\t<svg xmlns=\"http:\/\/www.w3.org\/2000\/svg\" width=\"725.221\" height=\"627.133\" viewBox=\"0 0 725.221 627.133\"><rect id=\"_0d30a061-2dae-4920-9275-da62c26ef3e5\" data-name=\"0d30a061-2dae-4920-9275-da62c26ef3e5\" width=\"650\" height=\"532\" rx=\"45\" transform=\"translate(0 101.682) rotate(-9)\" fill=\"#fff\" opacity=\"0.1\"><\/rect><\/svg>\t\t\t<\/a>\n\t\t<\/div>\n\t\t\t\t<\/div>\n\t\t\t\t<\/div>\n\t\t\t\t<div class=\"elementor-element elementor-element-aa3c1f3 aux-appear-watch-animation aux-rotate-in elementor-widget elementor-widget-aux_image\" data-id=\"aa3c1f3\" data-element_type=\"widget\" data-widget_type=\"aux_image.default\">\n\t\t\t\t<div class=\"elementor-widget-container\">\n\t\t\t<section class=\"widget-container aux-widget-image aux-alignnone aux-parent-au0b4d47ac\">\n    <div class=\"aux-media-hint-frame \">\n        <div class=\"aux-media-image aux-hover-active\" >\n                    <a class=\"\" href=\"https:\/\/www.expresooronegro.com\/excelsior\/portfolio\/branding-nice-studio\/\" data-elementor-open-lightbox=\"no\" data-original-width=\"800\" data-original-height=\"533\" data-caption=\"Deseado-Express\" target=\"_self\"  >\n        \n            \n\n            \n            <img decoding=\"async\" src=\"https:\/\/www.expresooronegro.com\/excelsior\/wp-content\/uploads\/2025\/09\/Deseado-Express-1024x1024.jpg\" alt=\"Deseado-Express\" \/>            \n                    <\/a>\n                <\/div>\n    <\/div>\n\n<\/section><!-- widget-container -->\t\t<\/div>\n\t\t\t\t<\/div>\n\t\t\t\t\t<\/div>\n\t\t<\/div>\n\t\t\t\t\t<\/div>\n\t\t<\/section>\n\t\t\t\t<section class=\"elementor-section elementor-top-section elementor-element elementor-element-c606402 elementor-section-height-min-height elementor-section-boxed elementor-section-height-default elementor-section-items-middle\" data-id=\"c606402\" data-element_type=\"section\" data-settings=\"{&quot;background_background&quot;:&quot;gradient&quot;}\">\n\t\t\t\t\t\t<div class=\"elementor-container elementor-column-gap-no\">\n\t\t\t\t\t<div class=\"aux-parallax-section elementor-column elementor-col-100 elementor-top-column elementor-element elementor-element-d70bea4\" data-id=\"d70bea4\" data-element_type=\"column\">\n\t\t\t<div class=\"elementor-widget-wrap elementor-element-populated\">\n\t\t\t\t\t\t<div class=\"elementor-element elementor-element-dc8f39d elementor-widget elementor-widget-spacer\" data-id=\"dc8f39d\" data-element_type=\"widget\" data-widget_type=\"spacer.default\">\n\t\t\t\t<div class=\"elementor-widget-container\">\n\t\t\t\t\t<div class=\"elementor-spacer\">\n\t\t\t<div class=\"elementor-spacer-inner\"><\/div>\n\t\t<\/div>\n\t\t\t\t<\/div>\n\t\t\t\t<\/div>\n\t\t\t\t<div class=\"elementor-element elementor-element-ff8a845 elementor-list-item-link-inline elementor-align-left elementor-icon-list--layout-traditional elementor-invisible elementor-widget elementor-widget-icon-list\" data-id=\"ff8a845\" data-element_type=\"widget\" data-settings=\"{&quot;_animation&quot;:&quot;fadeInDown&quot;}\" data-widget_type=\"icon-list.default\">\n\t\t\t\t<div class=\"elementor-widget-container\">\n\t\t\t\t\t<ul class=\"elementor-icon-list-items\">\n\t\t\t\t\t\t\t<li class=\"elementor-icon-list-item\">\n\t\t\t\t\t\t\t\t\t\t\t<span class=\"elementor-icon-list-icon\">\n\t\t\t\t\t\t\t<i aria-hidden=\"true\" class=\"fas fa-check\"><\/i>\t\t\t\t\t\t<\/span>\n\t\t\t\t\t\t\t\t\t\t<span class=\"elementor-icon-list-text\">Es pol\u00edtica permanente de la Empresa identificar y evaluar los riesgos propios de la actividad a fin de disminuir o evitar accidentes.<\/span>\n\t\t\t\t\t\t\t\t\t<\/li>\n\t\t\t\t\t\t\t\t<li class=\"elementor-icon-list-item\">\n\t\t\t\t\t\t\t\t\t\t\t<span class=\"elementor-icon-list-icon\">\n\t\t\t\t\t\t\t<i aria-hidden=\"true\" class=\"fas fa-check\"><\/i>\t\t\t\t\t\t<\/span>\n\t\t\t\t\t\t\t\t\t\t<span class=\"elementor-icon-list-text\">La capacitaci\u00f3n, el entrenamiento y el compromiso permanente de todo nuestro personal.<\/span>\n\t\t\t\t\t\t\t\t\t<\/li>\n\t\t\t\t\t\t\t\t<li class=\"elementor-icon-list-item\">\n\t\t\t\t\t\t\t\t\t\t\t<span class=\"elementor-icon-list-icon\">\n\t\t\t\t\t\t\t<i aria-hidden=\"true\" class=\"fas fa-check\"><\/i>\t\t\t\t\t\t<\/span>\n\t\t\t\t\t\t\t\t\t\t<span class=\"elementor-icon-list-text\">La empresa se compromete al cumplimiento de todos los requisitos legales y aplicables dentro del alcance del sistema de seguridad vial.<\/span>\n\t\t\t\t\t\t\t\t\t<\/li>\n\t\t\t\t\t\t\t\t<li class=\"elementor-icon-list-item\">\n\t\t\t\t\t\t\t\t\t\t\t<span class=\"elementor-icon-list-icon\">\n\t\t\t\t\t\t\t<i aria-hidden=\"true\" class=\"fas fa-check\"><\/i>\t\t\t\t\t\t<\/span>\n\t\t\t\t\t\t\t\t\t\t<span class=\"elementor-icon-list-text\">Mejorar constantemente los procesos y recursos de la empresa para la eliminaci\u00f3n y\/o disminuci\u00f3n de los incidentes y accidentes viales.<\/span>\n\t\t\t\t\t\t\t\t\t<\/li>\n\t\t\t\t\t\t\t\t<li class=\"elementor-icon-list-item\">\n\t\t\t\t\t\t\t\t\t\t\t<span class=\"elementor-icon-list-icon\">\n\t\t\t\t\t\t\t<i aria-hidden=\"true\" class=\"fas fa-check\"><\/i>\t\t\t\t\t\t<\/span>\n\t\t\t\t\t\t\t\t\t\t<span class=\"elementor-icon-list-text\">Establece pr\u00e1cticas y condiciones seguras de trabajo partiendo de la premisa vital que todo accidente puede evitarse promoviendo entre quienes participan en sus actividades, altos niveles de concientizaci\u00f3n y la disciplina necesaria que exige la aplicaci\u00f3n de este principio.<\/span>\n\t\t\t\t\t\t\t\t\t<\/li>\n\t\t\t\t\t\t\t\t<li class=\"elementor-icon-list-item\">\n\t\t\t\t\t\t\t\t\t\t\t<span class=\"elementor-icon-list-icon\">\n\t\t\t\t\t\t\t<i aria-hidden=\"true\" class=\"fas fa-check\"><\/i>\t\t\t\t\t\t<\/span>\n\t\t\t\t\t\t\t\t\t\t<span class=\"elementor-icon-list-text\">Es responsabilidad de todo el personal de participar en forma proactiva en el establecimiento y manejo de pr\u00e1cticas y condiciones seguras de trabajo.<\/span>\n\t\t\t\t\t\t\t\t\t<\/li>\n\t\t\t\t\t\t<\/ul>\n\t\t\t\t<\/div>\n\t\t\t\t<\/div>\n\t\t\t\t\t<\/div>\n\t\t<\/div>\n\t\t\t\t\t<\/div>\n\t\t<\/section>\n\t\t\t\t<\/div>\n\t\t","protected":false},"excerpt":{"rendered":"<p>Deseadp Express, empresa de transporte de hidrocarburos<\/p>\n","protected":false},"author":1,"featured_media":0,"parent":0,"menu_order":0,"comment_status":"closed","ping_status":"closed","template":"templates\/page-builder-content.php","meta":{"footnotes":""},"class_list":["post-598","page","type-page","status-publish","hentry"],"yoast_head":"<!-- This site is optimized with the Yoast SEO plugin v21.7 - https:\/\/yoast.com\/wordpress\/plugins\/seo\/ -->\n<title>Deseado Express - Expreso Oro Negro - Vamos a toda la patagonia<\/title>\n<meta name=\"robots\" content=\"noindex, follow, max-snippet:-1, max-image-preview:large, max-video-preview:-1\" \/>\n<meta property=\"og:locale\" content=\"es_ES\" \/>\n<meta property=\"og:type\" content=\"article\" \/>\n<meta property=\"og:title\" content=\"Deseado Express - Expreso Oro Negro - Vamos a toda la patagonia\" \/>\n<meta property=\"og:description\" content=\"Deseadp Express, empresa de transporte de hidrocarburos\" \/>\n<meta property=\"og:url\" content=\"https:\/\/www.expresooronegro.com\/excelsior\/deseado-express\/\" \/>\n<meta property=\"og:site_name\" content=\"Expreso Oro Negro - Vamos a toda la patagonia\" \/>\n<meta property=\"article:modified_time\" content=\"2025-09-03T17:30:26+00:00\" \/>\n<meta property=\"og:image\" content=\"https:\/\/www.expresooronegro.com\/wp-content\/uploads\/2025\/09\/Deseado-Express.jpg\" \/>\n<meta name=\"twitter:card\" content=\"summary_large_image\" \/>\n<meta name=\"twitter:label1\" content=\"Tiempo de lectura\" \/>\n\t<meta name=\"twitter:data1\" content=\"2 minutos\" \/>\n<script type=\"application\/ld+json\" class=\"yoast-schema-graph\">{\"@context\":\"https:\/\/schema.org\",\"@graph\":[{\"@type\":\"WebPage\",\"@id\":\"https:\/\/www.expresooronegro.com\/excelsior\/deseado-express\/\",\"url\":\"https:\/\/www.expresooronegro.com\/excelsior\/deseado-express\/\",\"name\":\"Deseado Express - Expreso Oro Negro - Vamos a toda la patagonia\",\"isPartOf\":{\"@id\":\"https:\/\/www.expresooronegro.com\/#website\"},\"datePublished\":\"2022-11-15T15:07:05+00:00\",\"dateModified\":\"2025-09-03T17:30:26+00:00\",\"breadcrumb\":{\"@id\":\"https:\/\/www.expresooronegro.com\/excelsior\/deseado-express\/#breadcrumb\"},\"inLanguage\":\"es\",\"potentialAction\":[{\"@type\":\"ReadAction\",\"target\":[\"https:\/\/www.expresooronegro.com\/excelsior\/deseado-express\/\"]}]},{\"@type\":\"BreadcrumbList\",\"@id\":\"https:\/\/www.expresooronegro.com\/excelsior\/deseado-express\/#breadcrumb\",\"itemListElement\":[{\"@type\":\"ListItem\",\"position\":1,\"name\":\"Portada\",\"item\":\"https:\/\/www.expresooronegro.com\/\"},{\"@type\":\"ListItem\",\"position\":2,\"name\":\"Deseado Express\"}]},{\"@type\":\"WebSite\",\"@id\":\"https:\/\/www.expresooronegro.com\/#website\",\"url\":\"https:\/\/www.expresooronegro.com\/\",\"name\":\"Expreso Oro Negro - Vamos a toda la patagonia\",\"description\":\"Somos la empresa l\u00edder para el transporte de carga a la Patagonia\",\"publisher\":{\"@id\":\"https:\/\/www.expresooronegro.com\/#organization\"},\"potentialAction\":[{\"@type\":\"SearchAction\",\"target\":{\"@type\":\"EntryPoint\",\"urlTemplate\":\"https:\/\/www.expresooronegro.com\/?s={search_term_string}\"},\"query-input\":\"required name=search_term_string\"}],\"inLanguage\":\"es\"},{\"@type\":\"Organization\",\"@id\":\"https:\/\/www.expresooronegro.com\/#organization\",\"name\":\"Expreso Oro Negro\",\"url\":\"https:\/\/www.expresooronegro.com\/\",\"logo\":{\"@type\":\"ImageObject\",\"inLanguage\":\"es\",\"@id\":\"https:\/\/www.expresooronegro.com\/#\/schema\/logo\/image\/\",\"url\":\"https:\/\/www.expresooronegro.com\/excelsior\/wp-content\/uploads\/2021\/11\/logo-expreso-oro-negro-blanco-1.png\",\"contentUrl\":\"https:\/\/www.expresooronegro.com\/excelsior\/wp-content\/uploads\/2021\/11\/logo-expreso-oro-negro-blanco-1.png\",\"width\":250,\"height\":57,\"caption\":\"Expreso Oro Negro\"},\"image\":{\"@id\":\"https:\/\/www.expresooronegro.com\/#\/schema\/logo\/image\/\"}}]}<\/script>\n<!-- \/ Yoast SEO plugin. -->","yoast_head_json":{"title":"Deseado Express - Expreso Oro Negro - Vamos a toda la patagonia","robots":{"index":"noindex","follow":"follow","max-snippet":"max-snippet:-1","max-image-preview":"max-image-preview:large","max-video-preview":"max-video-preview:-1"},"og_locale":"es_ES","og_type":"article","og_title":"Deseado Express - Expreso Oro Negro - Vamos a toda la patagonia","og_description":"Deseadp Express, empresa de transporte de hidrocarburos","og_url":"https:\/\/www.expresooronegro.com\/excelsior\/deseado-express\/","og_site_name":"Expreso Oro Negro - Vamos a toda la patagonia","article_modified_time":"2025-09-03T17:30:26+00:00","og_image":[{"url":"https:\/\/www.expresooronegro.com\/wp-content\/uploads\/2025\/09\/Deseado-Express.jpg"}],"twitter_card":"summary_large_image","twitter_misc":{"Tiempo de lectura":"2 minutos"},"schema":{"@context":"https:\/\/schema.org","@graph":[{"@type":"WebPage","@id":"https:\/\/www.expresooronegro.com\/excelsior\/deseado-express\/","url":"https:\/\/www.expresooronegro.com\/excelsior\/deseado-express\/","name":"Deseado Express - Expreso Oro Negro - Vamos a toda la patagonia","isPartOf":{"@id":"https:\/\/www.expresooronegro.com\/#website"},"datePublished":"2022-11-15T15:07:05+00:00","dateModified":"2025-09-03T17:30:26+00:00","breadcrumb":{"@id":"https:\/\/www.expresooronegro.com\/excelsior\/deseado-express\/#breadcrumb"},"inLanguage":"es","potentialAction":[{"@type":"ReadAction","target":["https:\/\/www.expresooronegro.com\/excelsior\/deseado-express\/"]}]},{"@type":"BreadcrumbList","@id":"https:\/\/www.expresooronegro.com\/excelsior\/deseado-express\/#breadcrumb","itemListElement":[{"@type":"ListItem","position":1,"name":"Portada","item":"https:\/\/www.expresooronegro.com\/"},{"@type":"ListItem","position":2,"name":"Deseado Express"}]},{"@type":"WebSite","@id":"https:\/\/www.expresooronegro.com\/#website","url":"https:\/\/www.expresooronegro.com\/","name":"Expreso Oro Negro - Vamos a toda la patagonia","description":"Somos la empresa l\u00edder para el transporte de carga a la Patagonia","publisher":{"@id":"https:\/\/www.expresooronegro.com\/#organization"},"potentialAction":[{"@type":"SearchAction","target":{"@type":"EntryPoint","urlTemplate":"https:\/\/www.expresooronegro.com\/?s={search_term_string}"},"query-input":"required name=search_term_string"}],"inLanguage":"es"},{"@type":"Organization","@id":"https:\/\/www.expresooronegro.com\/#organization","name":"Expreso Oro Negro","url":"https:\/\/www.expresooronegro.com\/","logo":{"@type":"ImageObject","inLanguage":"es","@id":"https:\/\/www.expresooronegro.com\/#\/schema\/logo\/image\/","url":"https:\/\/www.expresooronegro.com\/excelsior\/wp-content\/uploads\/2021\/11\/logo-expreso-oro-negro-blanco-1.png","contentUrl":"https:\/\/www.expresooronegro.com\/excelsior\/wp-content\/uploads\/2021\/11\/logo-expreso-oro-negro-blanco-1.png","width":250,"height":57,"caption":"Expreso Oro Negro"},"image":{"@id":"https:\/\/www.expresooronegro.com\/#\/schema\/logo\/image\/"}}]}},"_links":{"self":[{"href":"https:\/\/www.expresooronegro.com\/excelsior\/wp-json\/wp\/v2\/pages\/598","targetHints":{"allow":["GET"]}}],"collection":[{"href":"https:\/\/www.expresooronegro.com\/excelsior\/wp-json\/wp\/v2\/pages"}],"about":[{"href":"https:\/\/www.expresooronegro.com\/excelsior\/wp-json\/wp\/v2\/types\/page"}],"author":[{"embeddable":true,"href":"https:\/\/www.expresooronegro.com\/excelsior\/wp-json\/wp\/v2\/users\/1"}],"replies":[{"embeddable":true,"href":"https:\/\/www.expresooronegro.com\/excelsior\/wp-json\/wp\/v2\/comments?post=598"}],"version-history":[{"count":25,"href":"https:\/\/www.expresooronegro.com\/excelsior\/wp-json\/wp\/v2\/pages\/598\/revisions"}],"predecessor-version":[{"id":1156,"href":"https:\/\/www.expresooronegro.com\/excelsior\/wp-json\/wp\/v2\/pages\/598\/revisions\/1156"}],"wp:attachment":[{"href":"https:\/\/www.expresooronegro.com\/excelsior\/wp-json\/wp\/v2\/media?parent=598"}],"curies":[{"name":"wp","href":"https:\/\/api.w.org\/{rel}","templated":true}]}}