{"id":1047,"date":"2025-01-23T09:50:06","date_gmt":"2025-01-23T12:50:06","guid":{"rendered":"https:\/\/www.expresooronegro.com\/?page_id=1047"},"modified":"2025-01-23T09:55:51","modified_gmt":"2025-01-23T12:55:51","slug":"elementor-88-2-3","status":"publish","type":"page","link":"https:\/\/www.expresooronegro.com\/excelsior\/elementor-88-2-3\/","title":{"rendered":"Postulaci\u00f3n de Empleo"},"content":{"rendered":"\t\t<div data-elementor-type=\"wp-page\" data-elementor-id=\"1047\" class=\"elementor elementor-1047\" data-elementor-post-type=\"page\">\n\t\t\t\t\t\t<section class=\"elementor-section elementor-top-section elementor-element elementor-element-e5cb3a4 elementor-section-boxed elementor-section-height-default elementor-section-height-default\" data-id=\"e5cb3a4\" data-element_type=\"section\">\n\t\t\t\t\t\t<div class=\"elementor-container elementor-column-gap-no\">\n\t\t\t\t\t<div class=\"aux-parallax-section elementor-column elementor-col-100 elementor-top-column elementor-element elementor-element-8bb73fc aux-appear-watch-animation aux-scale-down\" data-id=\"8bb73fc\" data-element_type=\"column\" data-settings=\"{&quot;background_background&quot;:&quot;classic&quot;}\">\n\t\t\t<div class=\"elementor-widget-wrap elementor-element-populated\">\n\t\t\t\t\t<div class=\"elementor-background-overlay\"><\/div>\n\t\t\t\t\t\t<div class=\"elementor-element elementor-element-857ab35 elementor-widget-divider--view-line elementor-widget elementor-widget-divider\" data-id=\"857ab35\" data-element_type=\"widget\" data-widget_type=\"divider.default\">\n\t\t\t\t<div class=\"elementor-widget-container\">\n\t\t\t\t\t<div class=\"elementor-divider\">\n\t\t\t<span class=\"elementor-divider-separator\">\n\t\t\t\t\t\t<\/span>\n\t\t<\/div>\n\t\t\t\t<\/div>\n\t\t\t\t<\/div>\n\t\t\t\t<div class=\"elementor-element elementor-element-1022be1 aux-appear-watch-animation aux-fade-in-up elementor-widget elementor-widget-aux_modern_heading\" data-id=\"1022be1\" data-element_type=\"widget\" data-widget_type=\"aux_modern_heading.default\">\n\t\t\t\t<div class=\"elementor-widget-container\">\n\t\t\t<section class=\"aux-widget-modern-heading\">\n            <div class=\"aux-widget-inner\"><h3 class=\"aux-modern-heading-primary\">Trabajemos juntos<\/h3><div class=\"aux-modern-heading-description\"><p>A trav\u00e9s de esta herramienta podr\u00e1 enviarnos su Postulacion para Empleo.<\/p><\/div><\/div>\n        <\/section>\t\t<\/div>\n\t\t\t\t<\/div>\n\t\t\t\t<div class=\"elementor-element elementor-element-a624853 elementor-widget elementor-widget-accordion\" data-id=\"a624853\" data-element_type=\"widget\" data-widget_type=\"accordion.default\">\n\t\t\t\t<div class=\"elementor-widget-container\">\n\t\t\t\t\t<div class=\"elementor-accordion\">\n\t\t\t\t\t\t\t<div class=\"elementor-accordion-item\">\n\t\t\t\t\t<div id=\"elementor-tab-title-1741\" class=\"elementor-tab-title\" data-tab=\"1\" role=\"button\" aria-controls=\"elementor-tab-content-1741\" aria-expanded=\"false\">\n\t\t\t\t\t\t\t\t\t\t\t\t\t<span class=\"elementor-accordion-icon elementor-accordion-icon-left\" aria-hidden=\"true\">\n\t\t\t\t\t\t\t\t\t\t\t\t\t\t\t<span class=\"elementor-accordion-icon-closed\"><i class=\"fas fa-plus\"><\/i><\/span>\n\t\t\t\t\t\t\t\t<span class=\"elementor-accordion-icon-opened\"><i class=\"fas fa-minus\"><\/i><\/span>\n\t\t\t\t\t\t\t\t\t\t\t\t\t\t<\/span>\n\t\t\t\t\t\t\t\t\t\t\t\t<a class=\"elementor-accordion-title\" tabindex=\"0\">Postulaci\u00f3n para Empleo<\/a>\n\t\t\t\t\t<\/div>\n\t\t\t\t\t<div id=\"elementor-tab-content-1741\" class=\"elementor-tab-content elementor-clearfix\" data-tab=\"1\" role=\"region\" aria-labelledby=\"elementor-tab-title-1741\"><iframe style=\"min-height: 1200px !important;\" src=\"https:\/\/www.expresooronegro.com\/excelsior\/curriculum-wp.php\" width=\"100%\" height=\"100%\" frameborder=\"0\">Your browser does not support iframes.<\/iframe><\/div>\n\t\t\t\t<\/div>\n\t\t\t\t\t\t\t\t<\/div>\n\t\t\t\t<\/div>\n\t\t\t\t<\/div>\n\t\t\t\t\t<\/div>\n\t\t<\/div>\n\t\t\t\t\t<\/div>\n\t\t<\/section>\n\t\t\t\t<\/div>\n\t\t","protected":false},"excerpt":{"rendered":"<p>Trabajemos juntos A trav\u00e9s de esta herramienta podr\u00e1 enviarnos su Postulacion para Empleo. Postulaci\u00f3n para Empleo Your browser does not support iframes.<\/p>\n","protected":false},"author":1,"featured_media":0,"parent":0,"menu_order":0,"comment_status":"closed","ping_status":"closed","template":"elementor_header_footer","meta":{"footnotes":""},"class_list":["post-1047","page","type-page","status-publish","hentry"],"yoast_head":"<!-- This site is optimized with the Yoast SEO plugin v21.7 - https:\/\/yoast.com\/wordpress\/plugins\/seo\/ -->\n<title>Postulaci\u00f3n de Empleo - Expreso Oro Negro - Vamos a toda la patagonia<\/title>\n<meta name=\"robots\" content=\"noindex, follow, max-snippet:-1, max-image-preview:large, max-video-preview:-1\" \/>\n<meta property=\"og:locale\" content=\"es_ES\" \/>\n<meta property=\"og:type\" content=\"article\" \/>\n<meta property=\"og:title\" content=\"Postulaci\u00f3n de Empleo - Expreso Oro Negro - Vamos a toda la patagonia\" \/>\n<meta property=\"og:description\" content=\"Trabajemos juntos A trav\u00e9s de esta herramienta podr\u00e1 enviarnos su Postulacion para Empleo. Postulaci\u00f3n para Empleo Your browser does not support iframes.\" \/>\n<meta property=\"og:url\" content=\"https:\/\/www.expresooronegro.com\/excelsior\/elementor-88-2-3\/\" \/>\n<meta property=\"og:site_name\" content=\"Expreso Oro Negro - Vamos a toda la patagonia\" \/>\n<meta property=\"article:modified_time\" content=\"2025-01-23T12:55:51+00:00\" \/>\n<meta name=\"twitter:card\" content=\"summary_large_image\" \/>\n<meta name=\"twitter:label1\" content=\"Tiempo de lectura\" \/>\n\t<meta name=\"twitter:data1\" content=\"1 minuto\" \/>\n<script type=\"application\/ld+json\" class=\"yoast-schema-graph\">{\"@context\":\"https:\/\/schema.org\",\"@graph\":[{\"@type\":\"WebPage\",\"@id\":\"https:\/\/www.expresooronegro.com\/excelsior\/elementor-88-2-3\/\",\"url\":\"https:\/\/www.expresooronegro.com\/excelsior\/elementor-88-2-3\/\",\"name\":\"Postulaci\u00f3n de Empleo - Expreso Oro Negro - Vamos a toda la patagonia\",\"isPartOf\":{\"@id\":\"https:\/\/www.expresooronegro.com\/#website\"},\"datePublished\":\"2025-01-23T12:50:06+00:00\",\"dateModified\":\"2025-01-23T12:55:51+00:00\",\"breadcrumb\":{\"@id\":\"https:\/\/www.expresooronegro.com\/excelsior\/elementor-88-2-3\/#breadcrumb\"},\"inLanguage\":\"es\",\"potentialAction\":[{\"@type\":\"ReadAction\",\"target\":[\"https:\/\/www.expresooronegro.com\/excelsior\/elementor-88-2-3\/\"]}]},{\"@type\":\"BreadcrumbList\",\"@id\":\"https:\/\/www.expresooronegro.com\/excelsior\/elementor-88-2-3\/#breadcrumb\",\"itemListElement\":[{\"@type\":\"ListItem\",\"position\":1,\"name\":\"Portada\",\"item\":\"https:\/\/www.expresooronegro.com\/\"},{\"@type\":\"ListItem\",\"position\":2,\"name\":\"Postulaci\u00f3n de Empleo\"}]},{\"@type\":\"WebSite\",\"@id\":\"https:\/\/www.expresooronegro.com\/#website\",\"url\":\"https:\/\/www.expresooronegro.com\/\",\"name\":\"Expreso Oro Negro - Vamos a toda la patagonia\",\"description\":\"Somos la empresa l\u00edder para el transporte de carga a la Patagonia\",\"publisher\":{\"@id\":\"https:\/\/www.expresooronegro.com\/#organization\"},\"potentialAction\":[{\"@type\":\"SearchAction\",\"target\":{\"@type\":\"EntryPoint\",\"urlTemplate\":\"https:\/\/www.expresooronegro.com\/?s={search_term_string}\"},\"query-input\":\"required name=search_term_string\"}],\"inLanguage\":\"es\"},{\"@type\":\"Organization\",\"@id\":\"https:\/\/www.expresooronegro.com\/#organization\",\"name\":\"Expreso Oro Negro\",\"url\":\"https:\/\/www.expresooronegro.com\/\",\"logo\":{\"@type\":\"ImageObject\",\"inLanguage\":\"es\",\"@id\":\"https:\/\/www.expresooronegro.com\/#\/schema\/logo\/image\/\",\"url\":\"https:\/\/www.expresooronegro.com\/excelsior\/wp-content\/uploads\/2021\/11\/logo-expreso-oro-negro-blanco-1.png\",\"contentUrl\":\"https:\/\/www.expresooronegro.com\/excelsior\/wp-content\/uploads\/2021\/11\/logo-expreso-oro-negro-blanco-1.png\",\"width\":250,\"height\":57,\"caption\":\"Expreso Oro Negro\"},\"image\":{\"@id\":\"https:\/\/www.expresooronegro.com\/#\/schema\/logo\/image\/\"}}]}<\/script>\n<!-- \/ Yoast SEO plugin. -->","yoast_head_json":{"title":"Postulaci\u00f3n de Empleo - Expreso Oro Negro - Vamos a toda la patagonia","robots":{"index":"noindex","follow":"follow","max-snippet":"max-snippet:-1","max-image-preview":"max-image-preview:large","max-video-preview":"max-video-preview:-1"},"og_locale":"es_ES","og_type":"article","og_title":"Postulaci\u00f3n de Empleo - Expreso Oro Negro - Vamos a toda la patagonia","og_description":"Trabajemos juntos A trav\u00e9s de esta herramienta podr\u00e1 enviarnos su Postulacion para Empleo. Postulaci\u00f3n para Empleo Your browser does not support iframes.","og_url":"https:\/\/www.expresooronegro.com\/excelsior\/elementor-88-2-3\/","og_site_name":"Expreso Oro Negro - Vamos a toda la patagonia","article_modified_time":"2025-01-23T12:55:51+00:00","twitter_card":"summary_large_image","twitter_misc":{"Tiempo de lectura":"1 minuto"},"schema":{"@context":"https:\/\/schema.org","@graph":[{"@type":"WebPage","@id":"https:\/\/www.expresooronegro.com\/excelsior\/elementor-88-2-3\/","url":"https:\/\/www.expresooronegro.com\/excelsior\/elementor-88-2-3\/","name":"Postulaci\u00f3n de Empleo - Expreso Oro Negro - Vamos a toda la patagonia","isPartOf":{"@id":"https:\/\/www.expresooronegro.com\/#website"},"datePublished":"2025-01-23T12:50:06+00:00","dateModified":"2025-01-23T12:55:51+00:00","breadcrumb":{"@id":"https:\/\/www.expresooronegro.com\/excelsior\/elementor-88-2-3\/#breadcrumb"},"inLanguage":"es","potentialAction":[{"@type":"ReadAction","target":["https:\/\/www.expresooronegro.com\/excelsior\/elementor-88-2-3\/"]}]},{"@type":"BreadcrumbList","@id":"https:\/\/www.expresooronegro.com\/excelsior\/elementor-88-2-3\/#breadcrumb","itemListElement":[{"@type":"ListItem","position":1,"name":"Portada","item":"https:\/\/www.expresooronegro.com\/"},{"@type":"ListItem","position":2,"name":"Postulaci\u00f3n de Empleo"}]},{"@type":"WebSite","@id":"https:\/\/www.expresooronegro.com\/#website","url":"https:\/\/www.expresooronegro.com\/","name":"Expreso Oro Negro - Vamos a toda la patagonia","description":"Somos la empresa l\u00edder para el transporte de carga a la Patagonia","publisher":{"@id":"https:\/\/www.expresooronegro.com\/#organization"},"potentialAction":[{"@type":"SearchAction","target":{"@type":"EntryPoint","urlTemplate":"https:\/\/www.expresooronegro.com\/?s={search_term_string}"},"query-input":"required name=search_term_string"}],"inLanguage":"es"},{"@type":"Organization","@id":"https:\/\/www.expresooronegro.com\/#organization","name":"Expreso Oro Negro","url":"https:\/\/www.expresooronegro.com\/","logo":{"@type":"ImageObject","inLanguage":"es","@id":"https:\/\/www.expresooronegro.com\/#\/schema\/logo\/image\/","url":"https:\/\/www.expresooronegro.com\/excelsior\/wp-content\/uploads\/2021\/11\/logo-expreso-oro-negro-blanco-1.png","contentUrl":"https:\/\/www.expresooronegro.com\/excelsior\/wp-content\/uploads\/2021\/11\/logo-expreso-oro-negro-blanco-1.png","width":250,"height":57,"caption":"Expreso Oro Negro"},"image":{"@id":"https:\/\/www.expresooronegro.com\/#\/schema\/logo\/image\/"}}]}},"_links":{"self":[{"href":"https:\/\/www.expresooronegro.com\/excelsior\/wp-json\/wp\/v2\/pages\/1047","targetHints":{"allow":["GET"]}}],"collection":[{"href":"https:\/\/www.expresooronegro.com\/excelsior\/wp-json\/wp\/v2\/pages"}],"about":[{"href":"https:\/\/www.expresooronegro.com\/excelsior\/wp-json\/wp\/v2\/types\/page"}],"author":[{"embeddable":true,"href":"https:\/\/www.expresooronegro.com\/excelsior\/wp-json\/wp\/v2\/users\/1"}],"replies":[{"embeddable":true,"href":"https:\/\/www.expresooronegro.com\/excelsior\/wp-json\/wp\/v2\/comments?post=1047"}],"version-history":[{"count":4,"href":"https:\/\/www.expresooronegro.com\/excelsior\/wp-json\/wp\/v2\/pages\/1047\/revisions"}],"predecessor-version":[{"id":1051,"href":"https:\/\/www.expresooronegro.com\/excelsior\/wp-json\/wp\/v2\/pages\/1047\/revisions\/1051"}],"wp:attachment":[{"href":"https:\/\/www.expresooronegro.com\/excelsior\/wp-json\/wp\/v2\/media?parent=1047"}],"curies":[{"name":"wp","href":"https:\/\/api.w.org\/{rel}","templated":true}]}}